{"id":1960,"date":"2024-09-24T14:20:09","date_gmt":"2024-09-24T12:20:09","guid":{"rendered":"https:\/\/studioamourette.com\/?post_type=product&#038;p=1960"},"modified":"2025-10-02T17:10:58","modified_gmt":"2025-10-02T15:10:58","slug":"le-manoir-du-clair-de-lune-carte-affiche","status":"publish","type":"product","link":"https:\/\/studioamourette.com\/index.php\/product\/le-manoir-du-clair-de-lune-carte-affiche\/","title":{"rendered":"Le manoir du clair de Lune &#8211; Carte, affiche"},"content":{"rendered":"","protected":false},"excerpt":{"rendered":"<p>\ud83c\udf83 Reproduction de mon illustration originale intitul\u00e9e \u00ab\u00a0Le manoir du clair de lune\u00a0\u00bb r\u00e9alis\u00e9e \u00e0 l\u2019aquarelle.<br \/>\nParfaite au moment d\u2019Halloween ou de l\u2019automne \ud83e\uddd9\ud83c\udffb\u200d\u2640\ufe0f<br \/>\nElle est disponible en divers formats.<\/p>\n<p>\ud83c\udf1f Descriptif et envoi :<br \/>\n&#8211; Cr\u00e9\u00e9e et imprim\u00e9e \u00e0 Ajaccio sur papier couch\u00e9 mat de qualit\u00e9 sup\u00e9rieure 310g (lisse)<br \/>\n&#8211; Sign\u00e9e au verso<br \/>\n&#8211; Formats disponibles : A6 (10,5 x 14,8 cm : format carte postale) ou A5 (14,8 x 21 cm) ou A4 (21&#215;29,7 cm)<br \/>\n&#8211; Emball\u00e9e sans mati\u00e8re plastique pour pr\u00e9server notre environnement<br \/>\n&#8211; Envoi avec num\u00e9ro de suivi dans une enveloppe cartonn\u00e9e.<\/p>\n<p>Attention, selon les r\u00e9glages de votre \u00e9cran, les tons des couleurs peuvent l\u00e9g\u00e8rement varier.<br \/>\nCadre et enveloppe non fournis.<\/p>\n","protected":false},"featured_media":1964,"template":"","meta":{"om_disable_all_campaigns":false,"_kadence_starter_templates_imported_post":false,"_kad_post_transparent":"","_kad_post_title":"","_kad_post_layout":"","_kad_post_sidebar_id":"","_kad_post_content_style":"","_kad_post_vertical_padding":"","_kad_post_feature":"","_kad_post_feature_position":"","_kad_post_header":false,"_kad_post_footer":false},"product_brand":[],"product_cat":[118,108],"product_tag":[],"class_list":{"0":"post-1960","1":"product","2":"type-product","3":"status-publish","4":"has-post-thumbnail","6":"product_cat-automne","7":"product_cat-cartes-et-affiches","8":"product_shipping_class-lettre","10":"first","11":"instock","12":"shipping-taxable","13":"purchasable","14":"product-type-variable","15":"entry","16":"content-bg","17":"loop-entry"},"yoast_head":"<!-- This site is optimized with the Yoast SEO plugin v26.8 - https:\/\/yoast.com\/product\/yoast-seo-wordpress\/ -->\n<title>Le manoir du clair de Lune - Carte, affiche - Studio Amourette<\/title>\n<meta name=\"description\" content=\"Une carte pour plonger dans l&#039;ambiance d&#039;Halloween. Peinte \u00e0 l&#039;aquarelle elle repr\u00e9sente un manoir au clair de lune. Disponible en divers formats.\" \/>\n<meta name=\"robots\" content=\"index, follow, max-snippet:-1, max-image-preview:large, max-video-preview:-1\" \/>\n<link rel=\"canonical\" href=\"https:\/\/studioamourette.com\/index.php\/product\/le-manoir-du-clair-de-lune-carte-affiche\/\" \/>\n<meta property=\"og:locale\" content=\"fr_FR\" \/>\n<meta property=\"og:type\" content=\"article\" \/>\n<meta property=\"og:title\" content=\"Le manoir du clair de Lune - Carte, affiche - Studio Amourette\" \/>\n<meta property=\"og:description\" content=\"Une carte pour plonger dans l&#039;ambiance d&#039;Halloween. Peinte \u00e0 l&#039;aquarelle elle repr\u00e9sente un manoir au clair de lune. Disponible en divers formats.\" \/>\n<meta property=\"og:url\" content=\"https:\/\/studioamourette.com\/index.php\/product\/le-manoir-du-clair-de-lune-carte-affiche\/\" \/>\n<meta property=\"og:site_name\" content=\"Studio Amourette\" \/>\n<meta property=\"article:publisher\" content=\"https:\/\/www.facebook.com\/studioamourette\" \/>\n<meta property=\"article:modified_time\" content=\"2025-10-02T15:10:58+00:00\" \/>\n<meta property=\"og:image\" content=\"https:\/\/studioamourette.com\/wp-content\/uploads\/2024\/09\/manoir-1.jpg\" \/>\n\t<meta property=\"og:image:width\" content=\"875\" \/>\n\t<meta property=\"og:image:height\" content=\"877\" \/>\n\t<meta property=\"og:image:type\" content=\"image\/jpeg\" \/>\n<meta name=\"twitter:card\" content=\"summary_large_image\" \/>\n<meta name=\"twitter:label1\" content=\"Dur\u00e9e de lecture estim\u00e9e\" \/>\n\t<meta name=\"twitter:data1\" content=\"1 minute\" \/>\n<script type=\"application\/ld+json\" class=\"yoast-schema-graph\">{\"@context\":\"https:\/\/schema.org\",\"@graph\":[{\"@type\":\"WebPage\",\"@id\":\"https:\/\/studioamourette.com\/index.php\/product\/le-manoir-du-clair-de-lune-carte-affiche\/\",\"url\":\"https:\/\/studioamourette.com\/index.php\/product\/le-manoir-du-clair-de-lune-carte-affiche\/\",\"name\":\"Le manoir du clair de Lune - Carte, affiche - Studio Amourette\",\"isPartOf\":{\"@id\":\"https:\/\/studioamourette.com\/#website\"},\"primaryImageOfPage\":{\"@id\":\"https:\/\/studioamourette.com\/index.php\/product\/le-manoir-du-clair-de-lune-carte-affiche\/#primaryimage\"},\"image\":{\"@id\":\"https:\/\/studioamourette.com\/index.php\/product\/le-manoir-du-clair-de-lune-carte-affiche\/#primaryimage\"},\"thumbnailUrl\":\"https:\/\/studioamourette.com\/wp-content\/uploads\/2024\/09\/manoir-1.jpg\",\"datePublished\":\"2024-09-24T12:20:09+00:00\",\"dateModified\":\"2025-10-02T15:10:58+00:00\",\"description\":\"Une carte pour plonger dans l'ambiance d'Halloween. Peinte \u00e0 l'aquarelle elle repr\u00e9sente un manoir au clair de lune. Disponible en divers formats.\",\"breadcrumb\":{\"@id\":\"https:\/\/studioamourette.com\/index.php\/product\/le-manoir-du-clair-de-lune-carte-affiche\/#breadcrumb\"},\"inLanguage\":\"fr-FR\",\"potentialAction\":[{\"@type\":\"ReadAction\",\"target\":[\"https:\/\/studioamourette.com\/index.php\/product\/le-manoir-du-clair-de-lune-carte-affiche\/\"]}]},{\"@type\":\"ImageObject\",\"inLanguage\":\"fr-FR\",\"@id\":\"https:\/\/studioamourette.com\/index.php\/product\/le-manoir-du-clair-de-lune-carte-affiche\/#primaryimage\",\"url\":\"https:\/\/studioamourette.com\/wp-content\/uploads\/2024\/09\/manoir-1.jpg\",\"contentUrl\":\"https:\/\/studioamourette.com\/wp-content\/uploads\/2024\/09\/manoir-1.jpg\",\"width\":875,\"height\":877},{\"@type\":\"BreadcrumbList\",\"@id\":\"https:\/\/studioamourette.com\/index.php\/product\/le-manoir-du-clair-de-lune-carte-affiche\/#breadcrumb\",\"itemListElement\":[{\"@type\":\"ListItem\",\"position\":1,\"name\":\"Accueil\",\"item\":\"https:\/\/studioamourette.com\/\"},{\"@type\":\"ListItem\",\"position\":2,\"name\":\"Shop\",\"item\":\"https:\/\/studioamourette.com\/index.php\/shop-2\/\"},{\"@type\":\"ListItem\",\"position\":3,\"name\":\"Le manoir du clair de Lune &#8211; Carte, affiche\"}]},{\"@type\":\"WebSite\",\"@id\":\"https:\/\/studioamourette.com\/#website\",\"url\":\"https:\/\/studioamourette.com\/\",\"name\":\"Studio Amourette\",\"description\":\"Illustrations du bonheur\",\"publisher\":{\"@id\":\"https:\/\/studioamourette.com\/#organization\"},\"potentialAction\":[{\"@type\":\"SearchAction\",\"target\":{\"@type\":\"EntryPoint\",\"urlTemplate\":\"https:\/\/studioamourette.com\/?s={search_term_string}\"},\"query-input\":{\"@type\":\"PropertyValueSpecification\",\"valueRequired\":true,\"valueName\":\"search_term_string\"}}],\"inLanguage\":\"fr-FR\"},{\"@type\":\"Organization\",\"@id\":\"https:\/\/studioamourette.com\/#organization\",\"name\":\"Studio Amourette\",\"url\":\"https:\/\/studioamourette.com\/\",\"logo\":{\"@type\":\"ImageObject\",\"inLanguage\":\"fr-FR\",\"@id\":\"https:\/\/studioamourette.com\/#\/schema\/logo\/image\/\",\"url\":\"https:\/\/studioamourette.com\/wp-content\/uploads\/2023\/07\/cropped-cropped-cropped-logo-studio-amourette-rectangle-terracotta_Plan-de-travail-1.png\",\"contentUrl\":\"https:\/\/studioamourette.com\/wp-content\/uploads\/2023\/07\/cropped-cropped-cropped-logo-studio-amourette-rectangle-terracotta_Plan-de-travail-1.png\",\"width\":538,\"height\":216,\"caption\":\"Studio Amourette\"},\"image\":{\"@id\":\"https:\/\/studioamourette.com\/#\/schema\/logo\/image\/\"},\"sameAs\":[\"https:\/\/www.facebook.com\/studioamourette\",\"https:\/\/www.instagram.com\/studio_amourette\"]}]}<\/script>\n<!-- \/ Yoast SEO plugin. -->","yoast_head_json":{"title":"Le manoir du clair de Lune - Carte, affiche - Studio Amourette","description":"Une carte pour plonger dans l'ambiance d'Halloween. Peinte \u00e0 l'aquarelle elle repr\u00e9sente un manoir au clair de lune. Disponible en divers formats.","robots":{"index":"index","follow":"follow","max-snippet":"max-snippet:-1","max-image-preview":"max-image-preview:large","max-video-preview":"max-video-preview:-1"},"canonical":"https:\/\/studioamourette.com\/index.php\/product\/le-manoir-du-clair-de-lune-carte-affiche\/","og_locale":"fr_FR","og_type":"article","og_title":"Le manoir du clair de Lune - Carte, affiche - Studio Amourette","og_description":"Une carte pour plonger dans l'ambiance d'Halloween. Peinte \u00e0 l'aquarelle elle repr\u00e9sente un manoir au clair de lune. Disponible en divers formats.","og_url":"https:\/\/studioamourette.com\/index.php\/product\/le-manoir-du-clair-de-lune-carte-affiche\/","og_site_name":"Studio Amourette","article_publisher":"https:\/\/www.facebook.com\/studioamourette","article_modified_time":"2025-10-02T15:10:58+00:00","og_image":[{"width":875,"height":877,"url":"https:\/\/studioamourette.com\/wp-content\/uploads\/2024\/09\/manoir-1.jpg","type":"image\/jpeg"}],"twitter_card":"summary_large_image","twitter_misc":{"Dur\u00e9e de lecture estim\u00e9e":"1 minute"},"schema":{"@context":"https:\/\/schema.org","@graph":[{"@type":"WebPage","@id":"https:\/\/studioamourette.com\/index.php\/product\/le-manoir-du-clair-de-lune-carte-affiche\/","url":"https:\/\/studioamourette.com\/index.php\/product\/le-manoir-du-clair-de-lune-carte-affiche\/","name":"Le manoir du clair de Lune - Carte, affiche - Studio Amourette","isPartOf":{"@id":"https:\/\/studioamourette.com\/#website"},"primaryImageOfPage":{"@id":"https:\/\/studioamourette.com\/index.php\/product\/le-manoir-du-clair-de-lune-carte-affiche\/#primaryimage"},"image":{"@id":"https:\/\/studioamourette.com\/index.php\/product\/le-manoir-du-clair-de-lune-carte-affiche\/#primaryimage"},"thumbnailUrl":"https:\/\/studioamourette.com\/wp-content\/uploads\/2024\/09\/manoir-1.jpg","datePublished":"2024-09-24T12:20:09+00:00","dateModified":"2025-10-02T15:10:58+00:00","description":"Une carte pour plonger dans l'ambiance d'Halloween. Peinte \u00e0 l'aquarelle elle repr\u00e9sente un manoir au clair de lune. Disponible en divers formats.","breadcrumb":{"@id":"https:\/\/studioamourette.com\/index.php\/product\/le-manoir-du-clair-de-lune-carte-affiche\/#breadcrumb"},"inLanguage":"fr-FR","potentialAction":[{"@type":"ReadAction","target":["https:\/\/studioamourette.com\/index.php\/product\/le-manoir-du-clair-de-lune-carte-affiche\/"]}]},{"@type":"ImageObject","inLanguage":"fr-FR","@id":"https:\/\/studioamourette.com\/index.php\/product\/le-manoir-du-clair-de-lune-carte-affiche\/#primaryimage","url":"https:\/\/studioamourette.com\/wp-content\/uploads\/2024\/09\/manoir-1.jpg","contentUrl":"https:\/\/studioamourette.com\/wp-content\/uploads\/2024\/09\/manoir-1.jpg","width":875,"height":877},{"@type":"BreadcrumbList","@id":"https:\/\/studioamourette.com\/index.php\/product\/le-manoir-du-clair-de-lune-carte-affiche\/#breadcrumb","itemListElement":[{"@type":"ListItem","position":1,"name":"Accueil","item":"https:\/\/studioamourette.com\/"},{"@type":"ListItem","position":2,"name":"Shop","item":"https:\/\/studioamourette.com\/index.php\/shop-2\/"},{"@type":"ListItem","position":3,"name":"Le manoir du clair de Lune &#8211; Carte, affiche"}]},{"@type":"WebSite","@id":"https:\/\/studioamourette.com\/#website","url":"https:\/\/studioamourette.com\/","name":"Studio Amourette","description":"Illustrations du bonheur","publisher":{"@id":"https:\/\/studioamourette.com\/#organization"},"potentialAction":[{"@type":"SearchAction","target":{"@type":"EntryPoint","urlTemplate":"https:\/\/studioamourette.com\/?s={search_term_string}"},"query-input":{"@type":"PropertyValueSpecification","valueRequired":true,"valueName":"search_term_string"}}],"inLanguage":"fr-FR"},{"@type":"Organization","@id":"https:\/\/studioamourette.com\/#organization","name":"Studio Amourette","url":"https:\/\/studioamourette.com\/","logo":{"@type":"ImageObject","inLanguage":"fr-FR","@id":"https:\/\/studioamourette.com\/#\/schema\/logo\/image\/","url":"https:\/\/studioamourette.com\/wp-content\/uploads\/2023\/07\/cropped-cropped-cropped-logo-studio-amourette-rectangle-terracotta_Plan-de-travail-1.png","contentUrl":"https:\/\/studioamourette.com\/wp-content\/uploads\/2023\/07\/cropped-cropped-cropped-logo-studio-amourette-rectangle-terracotta_Plan-de-travail-1.png","width":538,"height":216,"caption":"Studio Amourette"},"image":{"@id":"https:\/\/studioamourette.com\/#\/schema\/logo\/image\/"},"sameAs":["https:\/\/www.facebook.com\/studioamourette","https:\/\/www.instagram.com\/studio_amourette"]}]}},"_links":{"self":[{"href":"https:\/\/studioamourette.com\/index.php\/wp-json\/wp\/v2\/product\/1960","targetHints":{"allow":["GET"]}}],"collection":[{"href":"https:\/\/studioamourette.com\/index.php\/wp-json\/wp\/v2\/product"}],"about":[{"href":"https:\/\/studioamourette.com\/index.php\/wp-json\/wp\/v2\/types\/product"}],"wp:featuredmedia":[{"embeddable":true,"href":"https:\/\/studioamourette.com\/index.php\/wp-json\/wp\/v2\/media\/1964"}],"wp:attachment":[{"href":"https:\/\/studioamourette.com\/index.php\/wp-json\/wp\/v2\/media?parent=1960"}],"wp:term":[{"taxonomy":"product_brand","embeddable":true,"href":"https:\/\/studioamourette.com\/index.php\/wp-json\/wp\/v2\/product_brand?post=1960"},{"taxonomy":"product_cat","embeddable":true,"href":"https:\/\/studioamourette.com\/index.php\/wp-json\/wp\/v2\/product_cat?post=1960"},{"taxonomy":"product_tag","embeddable":true,"href":"https:\/\/studioamourette.com\/index.php\/wp-json\/wp\/v2\/product_tag?post=1960"}],"curies":[{"name":"wp","href":"https:\/\/api.w.org\/{rel}","templated":true}]}}