{"id":1936,"date":"2024-09-21T21:44:53","date_gmt":"2024-09-21T19:44:53","guid":{"rendered":"https:\/\/studioamourette.com\/?post_type=product&#038;p=1936"},"modified":"2024-09-22T13:37:06","modified_gmt":"2024-09-22T11:37:06","slug":"bloc-notes-automne-magique","status":"publish","type":"product","link":"https:\/\/studioamourette.com\/index.php\/product\/bloc-notes-automne-magique\/","title":{"rendered":"Bloc-notes \u00ab\u00a0Automne Magique\u00a0\u00bb"},"content":{"rendered":"","protected":false},"excerpt":{"rendered":"<p>Que vous l&rsquo;utilisez comme papier \u00e0 lettres ou comme bloc-notes o\u00f9 noter vos id\u00e9es et vos pens\u00e9es, ce bloc-notes trouvera sa place dans votre quotidien que ce soit pour l&rsquo;automne ou toute l&rsquo;ann\u00e9e si vous \u00eates fan de cette saison comme moi. Pas de lignes pour vous laisser toute la place dont vous avez besoin et vous permettre aussi d&rsquo;utiliser ce bloc comme un joli petit carnet de croquis.<\/p>\n<p>Disponible en format A5 et A6<\/p>\n<p>50 feuilles, dos cartonn\u00e9.<\/p>\n","protected":false},"featured_media":1939,"template":"","meta":{"om_disable_all_campaigns":false,"_kadence_starter_templates_imported_post":false,"_kad_post_transparent":"","_kad_post_title":"","_kad_post_layout":"","_kad_post_sidebar_id":"","_kad_post_content_style":"","_kad_post_vertical_padding":"","_kad_post_feature":"","_kad_post_feature_position":"","_kad_post_header":false,"_kad_post_footer":false},"product_brand":[],"product_cat":[118,111],"product_tag":[],"class_list":{"0":"post-1936","1":"product","2":"type-product","3":"status-publish","4":"has-post-thumbnail","6":"product_cat-automne","7":"product_cat-papeterie","8":"product_shipping_class-lettre","10":"first","11":"instock","12":"shipping-taxable","13":"purchasable","14":"product-type-variable","15":"entry","16":"content-bg","17":"loop-entry"},"yoast_head":"<!-- This site is optimized with the Yoast SEO plugin v26.8 - https:\/\/yoast.com\/product\/yoast-seo-wordpress\/ -->\n<title>Bloc-notes &quot;Automne Magique&quot; - Studio Amourette<\/title>\n<meta name=\"robots\" content=\"index, follow, max-snippet:-1, max-image-preview:large, max-video-preview:-1\" \/>\n<link rel=\"canonical\" href=\"https:\/\/studioamourette.com\/index.php\/product\/bloc-notes-automne-magique\/\" \/>\n<meta property=\"og:locale\" content=\"fr_FR\" \/>\n<meta property=\"og:type\" content=\"article\" \/>\n<meta property=\"og:title\" content=\"Bloc-notes &quot;Automne Magique&quot; - Studio Amourette\" \/>\n<meta property=\"og:description\" content=\"Que vous l&#039;utilisez comme papier \u00e0 lettres ou comme bloc-notes o\u00f9 noter vos id\u00e9es et vos pens\u00e9es, ce bloc-notes trouvera sa place dans votre quotidien que ce soit pour l&#039;automne ou toute l&#039;ann\u00e9e si vous \u00eates fan de cette saison comme moi. Pas de lignes pour vous laisser toute la place dont vous avez besoin et vous permettre aussi d&#039;utiliser ce bloc comme un joli petit carnet de croquis.  Disponible en format A5 et A6  50 feuilles, dos cartonn\u00e9.\" \/>\n<meta property=\"og:url\" content=\"https:\/\/studioamourette.com\/index.php\/product\/bloc-notes-automne-magique\/\" \/>\n<meta property=\"og:site_name\" content=\"Studio Amourette\" \/>\n<meta property=\"article:publisher\" content=\"https:\/\/www.facebook.com\/studioamourette\" \/>\n<meta property=\"article:modified_time\" content=\"2024-09-22T11:37:06+00:00\" \/>\n<meta property=\"og:image\" content=\"https:\/\/studioamourette.com\/wp-content\/uploads\/2024\/09\/IGRU7967-scaled.jpg\" \/>\n\t<meta property=\"og:image:width\" content=\"2560\" \/>\n\t<meta property=\"og:image:height\" content=\"2560\" \/>\n\t<meta property=\"og:image:type\" content=\"image\/jpeg\" \/>\n<meta name=\"twitter:card\" content=\"summary_large_image\" \/>\n<meta name=\"twitter:label1\" content=\"Dur\u00e9e de lecture estim\u00e9e\" \/>\n\t<meta name=\"twitter:data1\" content=\"1 minute\" \/>\n<script type=\"application\/ld+json\" class=\"yoast-schema-graph\">{\"@context\":\"https:\/\/schema.org\",\"@graph\":[{\"@type\":\"WebPage\",\"@id\":\"https:\/\/studioamourette.com\/index.php\/product\/bloc-notes-automne-magique\/\",\"url\":\"https:\/\/studioamourette.com\/index.php\/product\/bloc-notes-automne-magique\/\",\"name\":\"Bloc-notes \\\"Automne Magique\\\" - Studio Amourette\",\"isPartOf\":{\"@id\":\"https:\/\/studioamourette.com\/#website\"},\"primaryImageOfPage\":{\"@id\":\"https:\/\/studioamourette.com\/index.php\/product\/bloc-notes-automne-magique\/#primaryimage\"},\"image\":{\"@id\":\"https:\/\/studioamourette.com\/index.php\/product\/bloc-notes-automne-magique\/#primaryimage\"},\"thumbnailUrl\":\"https:\/\/studioamourette.com\/wp-content\/uploads\/2024\/09\/IGRU7967-scaled.jpg\",\"datePublished\":\"2024-09-21T19:44:53+00:00\",\"dateModified\":\"2024-09-22T11:37:06+00:00\",\"breadcrumb\":{\"@id\":\"https:\/\/studioamourette.com\/index.php\/product\/bloc-notes-automne-magique\/#breadcrumb\"},\"inLanguage\":\"fr-FR\",\"potentialAction\":[{\"@type\":\"ReadAction\",\"target\":[\"https:\/\/studioamourette.com\/index.php\/product\/bloc-notes-automne-magique\/\"]}]},{\"@type\":\"ImageObject\",\"inLanguage\":\"fr-FR\",\"@id\":\"https:\/\/studioamourette.com\/index.php\/product\/bloc-notes-automne-magique\/#primaryimage\",\"url\":\"https:\/\/studioamourette.com\/wp-content\/uploads\/2024\/09\/IGRU7967-scaled.jpg\",\"contentUrl\":\"https:\/\/studioamourette.com\/wp-content\/uploads\/2024\/09\/IGRU7967-scaled.jpg\",\"width\":2560,\"height\":2560},{\"@type\":\"BreadcrumbList\",\"@id\":\"https:\/\/studioamourette.com\/index.php\/product\/bloc-notes-automne-magique\/#breadcrumb\",\"itemListElement\":[{\"@type\":\"ListItem\",\"position\":1,\"name\":\"Accueil\",\"item\":\"https:\/\/studioamourette.com\/\"},{\"@type\":\"ListItem\",\"position\":2,\"name\":\"Shop\",\"item\":\"https:\/\/studioamourette.com\/index.php\/shop-2\/\"},{\"@type\":\"ListItem\",\"position\":3,\"name\":\"Bloc-notes &#8220;Automne Magique&#8221;\"}]},{\"@type\":\"WebSite\",\"@id\":\"https:\/\/studioamourette.com\/#website\",\"url\":\"https:\/\/studioamourette.com\/\",\"name\":\"Studio Amourette\",\"description\":\"Illustrations du bonheur\",\"publisher\":{\"@id\":\"https:\/\/studioamourette.com\/#organization\"},\"potentialAction\":[{\"@type\":\"SearchAction\",\"target\":{\"@type\":\"EntryPoint\",\"urlTemplate\":\"https:\/\/studioamourette.com\/?s={search_term_string}\"},\"query-input\":{\"@type\":\"PropertyValueSpecification\",\"valueRequired\":true,\"valueName\":\"search_term_string\"}}],\"inLanguage\":\"fr-FR\"},{\"@type\":\"Organization\",\"@id\":\"https:\/\/studioamourette.com\/#organization\",\"name\":\"Studio Amourette\",\"url\":\"https:\/\/studioamourette.com\/\",\"logo\":{\"@type\":\"ImageObject\",\"inLanguage\":\"fr-FR\",\"@id\":\"https:\/\/studioamourette.com\/#\/schema\/logo\/image\/\",\"url\":\"https:\/\/studioamourette.com\/wp-content\/uploads\/2023\/07\/cropped-cropped-cropped-logo-studio-amourette-rectangle-terracotta_Plan-de-travail-1.png\",\"contentUrl\":\"https:\/\/studioamourette.com\/wp-content\/uploads\/2023\/07\/cropped-cropped-cropped-logo-studio-amourette-rectangle-terracotta_Plan-de-travail-1.png\",\"width\":538,\"height\":216,\"caption\":\"Studio Amourette\"},\"image\":{\"@id\":\"https:\/\/studioamourette.com\/#\/schema\/logo\/image\/\"},\"sameAs\":[\"https:\/\/www.facebook.com\/studioamourette\",\"https:\/\/www.instagram.com\/studio_amourette\"]}]}<\/script>\n<!-- \/ Yoast SEO plugin. -->","yoast_head_json":{"title":"Bloc-notes \"Automne Magique\" - Studio Amourette","robots":{"index":"index","follow":"follow","max-snippet":"max-snippet:-1","max-image-preview":"max-image-preview:large","max-video-preview":"max-video-preview:-1"},"canonical":"https:\/\/studioamourette.com\/index.php\/product\/bloc-notes-automne-magique\/","og_locale":"fr_FR","og_type":"article","og_title":"Bloc-notes \"Automne Magique\" - Studio Amourette","og_description":"Que vous l'utilisez comme papier \u00e0 lettres ou comme bloc-notes o\u00f9 noter vos id\u00e9es et vos pens\u00e9es, ce bloc-notes trouvera sa place dans votre quotidien que ce soit pour l'automne ou toute l'ann\u00e9e si vous \u00eates fan de cette saison comme moi. Pas de lignes pour vous laisser toute la place dont vous avez besoin et vous permettre aussi d'utiliser ce bloc comme un joli petit carnet de croquis.  Disponible en format A5 et A6  50 feuilles, dos cartonn\u00e9.","og_url":"https:\/\/studioamourette.com\/index.php\/product\/bloc-notes-automne-magique\/","og_site_name":"Studio Amourette","article_publisher":"https:\/\/www.facebook.com\/studioamourette","article_modified_time":"2024-09-22T11:37:06+00:00","og_image":[{"width":2560,"height":2560,"url":"https:\/\/studioamourette.com\/wp-content\/uploads\/2024\/09\/IGRU7967-scaled.jpg","type":"image\/jpeg"}],"twitter_card":"summary_large_image","twitter_misc":{"Dur\u00e9e de lecture estim\u00e9e":"1 minute"},"schema":{"@context":"https:\/\/schema.org","@graph":[{"@type":"WebPage","@id":"https:\/\/studioamourette.com\/index.php\/product\/bloc-notes-automne-magique\/","url":"https:\/\/studioamourette.com\/index.php\/product\/bloc-notes-automne-magique\/","name":"Bloc-notes \"Automne Magique\" - Studio Amourette","isPartOf":{"@id":"https:\/\/studioamourette.com\/#website"},"primaryImageOfPage":{"@id":"https:\/\/studioamourette.com\/index.php\/product\/bloc-notes-automne-magique\/#primaryimage"},"image":{"@id":"https:\/\/studioamourette.com\/index.php\/product\/bloc-notes-automne-magique\/#primaryimage"},"thumbnailUrl":"https:\/\/studioamourette.com\/wp-content\/uploads\/2024\/09\/IGRU7967-scaled.jpg","datePublished":"2024-09-21T19:44:53+00:00","dateModified":"2024-09-22T11:37:06+00:00","breadcrumb":{"@id":"https:\/\/studioamourette.com\/index.php\/product\/bloc-notes-automne-magique\/#breadcrumb"},"inLanguage":"fr-FR","potentialAction":[{"@type":"ReadAction","target":["https:\/\/studioamourette.com\/index.php\/product\/bloc-notes-automne-magique\/"]}]},{"@type":"ImageObject","inLanguage":"fr-FR","@id":"https:\/\/studioamourette.com\/index.php\/product\/bloc-notes-automne-magique\/#primaryimage","url":"https:\/\/studioamourette.com\/wp-content\/uploads\/2024\/09\/IGRU7967-scaled.jpg","contentUrl":"https:\/\/studioamourette.com\/wp-content\/uploads\/2024\/09\/IGRU7967-scaled.jpg","width":2560,"height":2560},{"@type":"BreadcrumbList","@id":"https:\/\/studioamourette.com\/index.php\/product\/bloc-notes-automne-magique\/#breadcrumb","itemListElement":[{"@type":"ListItem","position":1,"name":"Accueil","item":"https:\/\/studioamourette.com\/"},{"@type":"ListItem","position":2,"name":"Shop","item":"https:\/\/studioamourette.com\/index.php\/shop-2\/"},{"@type":"ListItem","position":3,"name":"Bloc-notes &#8220;Automne Magique&#8221;"}]},{"@type":"WebSite","@id":"https:\/\/studioamourette.com\/#website","url":"https:\/\/studioamourette.com\/","name":"Studio Amourette","description":"Illustrations du bonheur","publisher":{"@id":"https:\/\/studioamourette.com\/#organization"},"potentialAction":[{"@type":"SearchAction","target":{"@type":"EntryPoint","urlTemplate":"https:\/\/studioamourette.com\/?s={search_term_string}"},"query-input":{"@type":"PropertyValueSpecification","valueRequired":true,"valueName":"search_term_string"}}],"inLanguage":"fr-FR"},{"@type":"Organization","@id":"https:\/\/studioamourette.com\/#organization","name":"Studio Amourette","url":"https:\/\/studioamourette.com\/","logo":{"@type":"ImageObject","inLanguage":"fr-FR","@id":"https:\/\/studioamourette.com\/#\/schema\/logo\/image\/","url":"https:\/\/studioamourette.com\/wp-content\/uploads\/2023\/07\/cropped-cropped-cropped-logo-studio-amourette-rectangle-terracotta_Plan-de-travail-1.png","contentUrl":"https:\/\/studioamourette.com\/wp-content\/uploads\/2023\/07\/cropped-cropped-cropped-logo-studio-amourette-rectangle-terracotta_Plan-de-travail-1.png","width":538,"height":216,"caption":"Studio Amourette"},"image":{"@id":"https:\/\/studioamourette.com\/#\/schema\/logo\/image\/"},"sameAs":["https:\/\/www.facebook.com\/studioamourette","https:\/\/www.instagram.com\/studio_amourette"]}]}},"_links":{"self":[{"href":"https:\/\/studioamourette.com\/index.php\/wp-json\/wp\/v2\/product\/1936","targetHints":{"allow":["GET"]}}],"collection":[{"href":"https:\/\/studioamourette.com\/index.php\/wp-json\/wp\/v2\/product"}],"about":[{"href":"https:\/\/studioamourette.com\/index.php\/wp-json\/wp\/v2\/types\/product"}],"wp:featuredmedia":[{"embeddable":true,"href":"https:\/\/studioamourette.com\/index.php\/wp-json\/wp\/v2\/media\/1939"}],"wp:attachment":[{"href":"https:\/\/studioamourette.com\/index.php\/wp-json\/wp\/v2\/media?parent=1936"}],"wp:term":[{"taxonomy":"product_brand","embeddable":true,"href":"https:\/\/studioamourette.com\/index.php\/wp-json\/wp\/v2\/product_brand?post=1936"},{"taxonomy":"product_cat","embeddable":true,"href":"https:\/\/studioamourette.com\/index.php\/wp-json\/wp\/v2\/product_cat?post=1936"},{"taxonomy":"product_tag","embeddable":true,"href":"https:\/\/studioamourette.com\/index.php\/wp-json\/wp\/v2\/product_tag?post=1936"}],"curies":[{"name":"wp","href":"https:\/\/api.w.org\/{rel}","templated":true}]}}