{"id":1925,"date":"2024-09-21T21:16:58","date_gmt":"2024-09-21T19:16:58","guid":{"rendered":"https:\/\/studioamourette.com\/?post_type=product&#038;p=1925"},"modified":"2024-09-24T20:17:20","modified_gmt":"2024-09-24T18:17:20","slug":"mug-dautomne","status":"publish","type":"product","link":"https:\/\/studioamourette.com\/index.php\/product\/mug-dautomne\/","title":{"rendered":"Mug d&rsquo;Automne"},"content":{"rendered":"","protected":false},"excerpt":{"rendered":"<p>Quoi de mieux qu&rsquo;une boisson chaude d\u00e9gust\u00e9e lors d&rsquo;un apr\u00e8s-midi pluvieux d&rsquo;automne sous un plaid, devant une bonne s\u00e9rie ? J&rsquo;ai pens\u00e9 ce mug comme l&rsquo;accessoire indispensable de cette saison magique qu&rsquo;est l&rsquo;automne.<\/p>\n<p>En c\u00e9ramique, il vous accompagnera pour tous vos moments r\u00e9confortants. L&rsquo;illustration, cr\u00e9\u00e9e par mes soins, fait tout le tour du mug, et chaque face est diff\u00e9rente. Sa finition brillante lui permet de conserver tout son \u00e9clat.<\/p>\n<p>Contenance\u00a0 : 320 ml<br \/>\nPasse au lave-vaisselle mais pour conserver son \u00e9clat mieux vaut privil\u00e9gier un lavage \u00e0 la main.<\/p>\n","protected":false},"featured_media":1928,"template":"","meta":{"om_disable_all_campaigns":false,"_kadence_starter_templates_imported_post":false,"_kad_post_transparent":"","_kad_post_title":"","_kad_post_layout":"","_kad_post_sidebar_id":"","_kad_post_content_style":"","_kad_post_vertical_padding":"","_kad_post_feature":"","_kad_post_feature_position":"","_kad_post_header":false,"_kad_post_footer":false},"product_brand":[],"product_cat":[118,110],"product_tag":[119],"class_list":{"0":"post-1925","1":"product","2":"type-product","3":"status-publish","4":"has-post-thumbnail","6":"product_cat-automne","7":"product_cat-mug","8":"product_tag-mug","9":"product_shipping_class-colis","11":"first","12":"instock","13":"shipping-taxable","14":"purchasable","15":"product-type-simple","16":"entry","17":"content-bg","18":"loop-entry"},"yoast_head":"<!-- This site is optimized with the Yoast SEO plugin v26.8 - https:\/\/yoast.com\/product\/yoast-seo-wordpress\/ -->\n<title>Mug d&#039;Automne - Studio Amourette<\/title>\n<meta name=\"description\" content=\"Un mug d&#039;automne cosy et r\u00e9confortant pour vous c\u00e9l\u00e9brer l&#039;automne ! En c\u00e9ramique, il vous accompagnera lors de vos pauses gourmandes.\" \/>\n<meta name=\"robots\" content=\"index, follow, max-snippet:-1, max-image-preview:large, max-video-preview:-1\" \/>\n<link rel=\"canonical\" href=\"https:\/\/studioamourette.com\/index.php\/product\/mug-dautomne\/\" \/>\n<meta property=\"og:locale\" content=\"fr_FR\" \/>\n<meta property=\"og:type\" content=\"article\" \/>\n<meta property=\"og:title\" content=\"Mug d&#039;Automne - Studio Amourette\" \/>\n<meta property=\"og:description\" content=\"Un mug d&#039;automne cosy et r\u00e9confortant pour vous c\u00e9l\u00e9brer l&#039;automne ! En c\u00e9ramique, il vous accompagnera lors de vos pauses gourmandes.\" \/>\n<meta property=\"og:url\" content=\"https:\/\/studioamourette.com\/index.php\/product\/mug-dautomne\/\" \/>\n<meta property=\"og:site_name\" content=\"Studio Amourette\" \/>\n<meta property=\"article:publisher\" content=\"https:\/\/www.facebook.com\/studioamourette\" \/>\n<meta property=\"article:modified_time\" content=\"2024-09-24T18:17:20+00:00\" \/>\n<meta property=\"og:image\" content=\"https:\/\/studioamourette.com\/wp-content\/uploads\/2024\/09\/IMG_6664-scaled.jpg\" \/>\n\t<meta property=\"og:image:width\" content=\"2560\" \/>\n\t<meta property=\"og:image:height\" content=\"1920\" \/>\n\t<meta property=\"og:image:type\" content=\"image\/jpeg\" \/>\n<meta name=\"twitter:card\" content=\"summary_large_image\" \/>\n<meta name=\"twitter:label1\" content=\"Dur\u00e9e de lecture estim\u00e9e\" \/>\n\t<meta name=\"twitter:data1\" content=\"1 minute\" \/>\n<script type=\"application\/ld+json\" class=\"yoast-schema-graph\">{\"@context\":\"https:\/\/schema.org\",\"@graph\":[{\"@type\":\"WebPage\",\"@id\":\"https:\/\/studioamourette.com\/index.php\/product\/mug-dautomne\/\",\"url\":\"https:\/\/studioamourette.com\/index.php\/product\/mug-dautomne\/\",\"name\":\"Mug d'Automne - Studio Amourette\",\"isPartOf\":{\"@id\":\"https:\/\/studioamourette.com\/#website\"},\"primaryImageOfPage\":{\"@id\":\"https:\/\/studioamourette.com\/index.php\/product\/mug-dautomne\/#primaryimage\"},\"image\":{\"@id\":\"https:\/\/studioamourette.com\/index.php\/product\/mug-dautomne\/#primaryimage\"},\"thumbnailUrl\":\"https:\/\/studioamourette.com\/wp-content\/uploads\/2024\/09\/IMG_6664-scaled.jpg\",\"datePublished\":\"2024-09-21T19:16:58+00:00\",\"dateModified\":\"2024-09-24T18:17:20+00:00\",\"description\":\"Un mug d'automne cosy et r\u00e9confortant pour vous c\u00e9l\u00e9brer l'automne ! En c\u00e9ramique, il vous accompagnera lors de vos pauses gourmandes.\",\"breadcrumb\":{\"@id\":\"https:\/\/studioamourette.com\/index.php\/product\/mug-dautomne\/#breadcrumb\"},\"inLanguage\":\"fr-FR\",\"potentialAction\":[{\"@type\":\"ReadAction\",\"target\":[\"https:\/\/studioamourette.com\/index.php\/product\/mug-dautomne\/\"]}]},{\"@type\":\"ImageObject\",\"inLanguage\":\"fr-FR\",\"@id\":\"https:\/\/studioamourette.com\/index.php\/product\/mug-dautomne\/#primaryimage\",\"url\":\"https:\/\/studioamourette.com\/wp-content\/uploads\/2024\/09\/IMG_6664-scaled.jpg\",\"contentUrl\":\"https:\/\/studioamourette.com\/wp-content\/uploads\/2024\/09\/IMG_6664-scaled.jpg\",\"width\":2560,\"height\":1920},{\"@type\":\"BreadcrumbList\",\"@id\":\"https:\/\/studioamourette.com\/index.php\/product\/mug-dautomne\/#breadcrumb\",\"itemListElement\":[{\"@type\":\"ListItem\",\"position\":1,\"name\":\"Accueil\",\"item\":\"https:\/\/studioamourette.com\/\"},{\"@type\":\"ListItem\",\"position\":2,\"name\":\"Shop\",\"item\":\"https:\/\/studioamourette.com\/index.php\/shop-2\/\"},{\"@type\":\"ListItem\",\"position\":3,\"name\":\"Mug d&#8217;Automne\"}]},{\"@type\":\"WebSite\",\"@id\":\"https:\/\/studioamourette.com\/#website\",\"url\":\"https:\/\/studioamourette.com\/\",\"name\":\"Studio Amourette\",\"description\":\"Illustrations du bonheur\",\"publisher\":{\"@id\":\"https:\/\/studioamourette.com\/#organization\"},\"potentialAction\":[{\"@type\":\"SearchAction\",\"target\":{\"@type\":\"EntryPoint\",\"urlTemplate\":\"https:\/\/studioamourette.com\/?s={search_term_string}\"},\"query-input\":{\"@type\":\"PropertyValueSpecification\",\"valueRequired\":true,\"valueName\":\"search_term_string\"}}],\"inLanguage\":\"fr-FR\"},{\"@type\":\"Organization\",\"@id\":\"https:\/\/studioamourette.com\/#organization\",\"name\":\"Studio Amourette\",\"url\":\"https:\/\/studioamourette.com\/\",\"logo\":{\"@type\":\"ImageObject\",\"inLanguage\":\"fr-FR\",\"@id\":\"https:\/\/studioamourette.com\/#\/schema\/logo\/image\/\",\"url\":\"https:\/\/studioamourette.com\/wp-content\/uploads\/2023\/07\/cropped-cropped-cropped-logo-studio-amourette-rectangle-terracotta_Plan-de-travail-1.png\",\"contentUrl\":\"https:\/\/studioamourette.com\/wp-content\/uploads\/2023\/07\/cropped-cropped-cropped-logo-studio-amourette-rectangle-terracotta_Plan-de-travail-1.png\",\"width\":538,\"height\":216,\"caption\":\"Studio Amourette\"},\"image\":{\"@id\":\"https:\/\/studioamourette.com\/#\/schema\/logo\/image\/\"},\"sameAs\":[\"https:\/\/www.facebook.com\/studioamourette\",\"https:\/\/www.instagram.com\/studio_amourette\"]}]}<\/script>\n<!-- \/ Yoast SEO plugin. -->","yoast_head_json":{"title":"Mug d'Automne - Studio Amourette","description":"Un mug d'automne cosy et r\u00e9confortant pour vous c\u00e9l\u00e9brer l'automne ! En c\u00e9ramique, il vous accompagnera lors de vos pauses gourmandes.","robots":{"index":"index","follow":"follow","max-snippet":"max-snippet:-1","max-image-preview":"max-image-preview:large","max-video-preview":"max-video-preview:-1"},"canonical":"https:\/\/studioamourette.com\/index.php\/product\/mug-dautomne\/","og_locale":"fr_FR","og_type":"article","og_title":"Mug d'Automne - Studio Amourette","og_description":"Un mug d'automne cosy et r\u00e9confortant pour vous c\u00e9l\u00e9brer l'automne ! En c\u00e9ramique, il vous accompagnera lors de vos pauses gourmandes.","og_url":"https:\/\/studioamourette.com\/index.php\/product\/mug-dautomne\/","og_site_name":"Studio Amourette","article_publisher":"https:\/\/www.facebook.com\/studioamourette","article_modified_time":"2024-09-24T18:17:20+00:00","og_image":[{"width":2560,"height":1920,"url":"https:\/\/studioamourette.com\/wp-content\/uploads\/2024\/09\/IMG_6664-scaled.jpg","type":"image\/jpeg"}],"twitter_card":"summary_large_image","twitter_misc":{"Dur\u00e9e de lecture estim\u00e9e":"1 minute"},"schema":{"@context":"https:\/\/schema.org","@graph":[{"@type":"WebPage","@id":"https:\/\/studioamourette.com\/index.php\/product\/mug-dautomne\/","url":"https:\/\/studioamourette.com\/index.php\/product\/mug-dautomne\/","name":"Mug d'Automne - Studio Amourette","isPartOf":{"@id":"https:\/\/studioamourette.com\/#website"},"primaryImageOfPage":{"@id":"https:\/\/studioamourette.com\/index.php\/product\/mug-dautomne\/#primaryimage"},"image":{"@id":"https:\/\/studioamourette.com\/index.php\/product\/mug-dautomne\/#primaryimage"},"thumbnailUrl":"https:\/\/studioamourette.com\/wp-content\/uploads\/2024\/09\/IMG_6664-scaled.jpg","datePublished":"2024-09-21T19:16:58+00:00","dateModified":"2024-09-24T18:17:20+00:00","description":"Un mug d'automne cosy et r\u00e9confortant pour vous c\u00e9l\u00e9brer l'automne ! En c\u00e9ramique, il vous accompagnera lors de vos pauses gourmandes.","breadcrumb":{"@id":"https:\/\/studioamourette.com\/index.php\/product\/mug-dautomne\/#breadcrumb"},"inLanguage":"fr-FR","potentialAction":[{"@type":"ReadAction","target":["https:\/\/studioamourette.com\/index.php\/product\/mug-dautomne\/"]}]},{"@type":"ImageObject","inLanguage":"fr-FR","@id":"https:\/\/studioamourette.com\/index.php\/product\/mug-dautomne\/#primaryimage","url":"https:\/\/studioamourette.com\/wp-content\/uploads\/2024\/09\/IMG_6664-scaled.jpg","contentUrl":"https:\/\/studioamourette.com\/wp-content\/uploads\/2024\/09\/IMG_6664-scaled.jpg","width":2560,"height":1920},{"@type":"BreadcrumbList","@id":"https:\/\/studioamourette.com\/index.php\/product\/mug-dautomne\/#breadcrumb","itemListElement":[{"@type":"ListItem","position":1,"name":"Accueil","item":"https:\/\/studioamourette.com\/"},{"@type":"ListItem","position":2,"name":"Shop","item":"https:\/\/studioamourette.com\/index.php\/shop-2\/"},{"@type":"ListItem","position":3,"name":"Mug d&#8217;Automne"}]},{"@type":"WebSite","@id":"https:\/\/studioamourette.com\/#website","url":"https:\/\/studioamourette.com\/","name":"Studio Amourette","description":"Illustrations du bonheur","publisher":{"@id":"https:\/\/studioamourette.com\/#organization"},"potentialAction":[{"@type":"SearchAction","target":{"@type":"EntryPoint","urlTemplate":"https:\/\/studioamourette.com\/?s={search_term_string}"},"query-input":{"@type":"PropertyValueSpecification","valueRequired":true,"valueName":"search_term_string"}}],"inLanguage":"fr-FR"},{"@type":"Organization","@id":"https:\/\/studioamourette.com\/#organization","name":"Studio Amourette","url":"https:\/\/studioamourette.com\/","logo":{"@type":"ImageObject","inLanguage":"fr-FR","@id":"https:\/\/studioamourette.com\/#\/schema\/logo\/image\/","url":"https:\/\/studioamourette.com\/wp-content\/uploads\/2023\/07\/cropped-cropped-cropped-logo-studio-amourette-rectangle-terracotta_Plan-de-travail-1.png","contentUrl":"https:\/\/studioamourette.com\/wp-content\/uploads\/2023\/07\/cropped-cropped-cropped-logo-studio-amourette-rectangle-terracotta_Plan-de-travail-1.png","width":538,"height":216,"caption":"Studio Amourette"},"image":{"@id":"https:\/\/studioamourette.com\/#\/schema\/logo\/image\/"},"sameAs":["https:\/\/www.facebook.com\/studioamourette","https:\/\/www.instagram.com\/studio_amourette"]}]}},"_links":{"self":[{"href":"https:\/\/studioamourette.com\/index.php\/wp-json\/wp\/v2\/product\/1925","targetHints":{"allow":["GET"]}}],"collection":[{"href":"https:\/\/studioamourette.com\/index.php\/wp-json\/wp\/v2\/product"}],"about":[{"href":"https:\/\/studioamourette.com\/index.php\/wp-json\/wp\/v2\/types\/product"}],"wp:featuredmedia":[{"embeddable":true,"href":"https:\/\/studioamourette.com\/index.php\/wp-json\/wp\/v2\/media\/1928"}],"wp:attachment":[{"href":"https:\/\/studioamourette.com\/index.php\/wp-json\/wp\/v2\/media?parent=1925"}],"wp:term":[{"taxonomy":"product_brand","embeddable":true,"href":"https:\/\/studioamourette.com\/index.php\/wp-json\/wp\/v2\/product_brand?post=1925"},{"taxonomy":"product_cat","embeddable":true,"href":"https:\/\/studioamourette.com\/index.php\/wp-json\/wp\/v2\/product_cat?post=1925"},{"taxonomy":"product_tag","embeddable":true,"href":"https:\/\/studioamourette.com\/index.php\/wp-json\/wp\/v2\/product_tag?post=1925"}],"curies":[{"name":"wp","href":"https:\/\/api.w.org\/{rel}","templated":true}]}}