{"id":1747,"date":"2024-02-21T14:02:04","date_gmt":"2024-02-21T13:02:04","guid":{"rendered":"https:\/\/studioamourette.com\/?post_type=product&#038;p=1747"},"modified":"2026-03-10T11:43:34","modified_gmt":"2026-03-10T10:43:34","slug":"la-petite-serre-fleurie-carte-affiche-aquarelle-de-printemps","status":"publish","type":"product","link":"https:\/\/studioamourette.com\/index.php\/product\/la-petite-serre-fleurie-carte-affiche-aquarelle-de-printemps\/","title":{"rendered":"La petite serre fleurie &#8211; Carte, affiche aquarelle de printemps"},"content":{"rendered":"<p>Une l\u00e9g\u00e8re brise de printemps, les premi\u00e8res fleurs du jardin et une jolie serre cosy dans le jardin&#8230; impr\u00e9gnez-vous des premiers jours du printemps avec cette \u00a0jolie carte \u00e0 envoyer \u00e0 ceux que vous aimez, \u00e0 offrir en cadeau ou en version affiche pour d\u00e9corer votre chez-vous.<\/p>\n<p><strong>D\u00e9tails <\/strong>: Reproduction de mon illustration originale, imprim\u00e9e sur papier mat 300g.<br \/>\n<strong>Formats<\/strong> : A6 (10,5 x 14,8 cm : format carte postale) ou A5 (14,8 x 21 cm) ou A4 (21 x 29.7 cm)<br \/>\n<strong>Envoi<\/strong> : Emballage sans mati\u00e8re plastique, envoi dans une enveloppe cartonn\u00e9e<\/p>\n<pre>Cadre non fourni. \r\nMockup : freepik.com<\/pre>\n","protected":false},"excerpt":{"rendered":"<p>Une l\u00e9g\u00e8re brise de printemps, les premi\u00e8res fleurs du jardin et une jolie serre cosy dans le jardin&#8230; impr\u00e9gnez-vous des premiers jours du printemps avec cette \u00a0jolie carte \u00e0 envoyer \u00e0 ceux que vous aimez, \u00e0 offrir en cadeau ou en version affiche pour d\u00e9corer votre chez-vous.<\/p>\n","protected":false},"featured_media":1748,"template":"","meta":{"om_disable_all_campaigns":false,"_kadence_starter_templates_imported_post":false,"_kad_post_transparent":"","_kad_post_title":"","_kad_post_layout":"","_kad_post_sidebar_id":"","_kad_post_content_style":"","_kad_post_vertical_padding":"","_kad_post_feature":"","_kad_post_feature_position":"","_kad_post_header":false,"_kad_post_footer":false},"product_brand":[],"product_cat":[20,108,114],"product_tag":[],"class_list":{"0":"post-1747","1":"product","2":"type-product","3":"status-publish","4":"has-post-thumbnail","6":"product_cat-tous-les-produits","7":"product_cat-cartes-et-affiches","8":"product_cat-printemps","9":"product_shipping_class-lettre","11":"first","12":"instock","13":"shipping-taxable","14":"purchasable","15":"product-type-variable","16":"entry","17":"content-bg","18":"loop-entry"},"yoast_head":"<!-- This site is optimized with the Yoast SEO plugin v26.8 - https:\/\/yoast.com\/product\/yoast-seo-wordpress\/ -->\n<title>La petite serre fleurie - Carte, affiche aquarelle de printemps - Studio Amourette<\/title>\n<meta name=\"description\" content=\"Impr\u00e9gnez-vous des premiers jours du printemps avec cette \u00a0jolie carte \u00e0 envoyer \u00e0 ceux que vous aimez ou en version affiche pour d\u00e9corer votre chez-vous.\" \/>\n<meta name=\"robots\" content=\"index, follow, max-snippet:-1, max-image-preview:large, max-video-preview:-1\" \/>\n<link rel=\"canonical\" href=\"https:\/\/studioamourette.com\/index.php\/product\/la-petite-serre-fleurie-carte-affiche-aquarelle-de-printemps\/\" \/>\n<meta property=\"og:locale\" content=\"fr_FR\" \/>\n<meta property=\"og:type\" content=\"article\" \/>\n<meta property=\"og:title\" content=\"La petite serre fleurie - Carte, affiche aquarelle de printemps - Studio Amourette\" \/>\n<meta property=\"og:description\" content=\"Impr\u00e9gnez-vous des premiers jours du printemps avec cette \u00a0jolie carte \u00e0 envoyer \u00e0 ceux que vous aimez ou en version affiche pour d\u00e9corer votre chez-vous.\" \/>\n<meta property=\"og:url\" content=\"https:\/\/studioamourette.com\/index.php\/product\/la-petite-serre-fleurie-carte-affiche-aquarelle-de-printemps\/\" \/>\n<meta property=\"og:site_name\" content=\"Studio Amourette\" \/>\n<meta property=\"article:publisher\" content=\"https:\/\/www.facebook.com\/studioamourette\" \/>\n<meta property=\"article:modified_time\" content=\"2026-03-10T10:43:34+00:00\" \/>\n<meta property=\"og:image\" content=\"https:\/\/studioamourette.com\/wp-content\/uploads\/2024\/02\/mock-up-serre-1024x684.png\" \/>\n\t<meta property=\"og:image:width\" content=\"1024\" \/>\n\t<meta property=\"og:image:height\" content=\"684\" \/>\n\t<meta property=\"og:image:type\" content=\"image\/png\" \/>\n<meta name=\"twitter:card\" content=\"summary_large_image\" \/>\n<meta name=\"twitter:label1\" content=\"Dur\u00e9e de lecture estim\u00e9e\" \/>\n\t<meta name=\"twitter:data1\" content=\"1 minute\" \/>\n<script type=\"application\/ld+json\" class=\"yoast-schema-graph\">{\"@context\":\"https:\/\/schema.org\",\"@graph\":[{\"@type\":\"WebPage\",\"@id\":\"https:\/\/studioamourette.com\/index.php\/product\/la-petite-serre-fleurie-carte-affiche-aquarelle-de-printemps\/\",\"url\":\"https:\/\/studioamourette.com\/index.php\/product\/la-petite-serre-fleurie-carte-affiche-aquarelle-de-printemps\/\",\"name\":\"La petite serre fleurie - Carte, affiche aquarelle de printemps - Studio Amourette\",\"isPartOf\":{\"@id\":\"https:\/\/studioamourette.com\/#website\"},\"primaryImageOfPage\":{\"@id\":\"https:\/\/studioamourette.com\/index.php\/product\/la-petite-serre-fleurie-carte-affiche-aquarelle-de-printemps\/#primaryimage\"},\"image\":{\"@id\":\"https:\/\/studioamourette.com\/index.php\/product\/la-petite-serre-fleurie-carte-affiche-aquarelle-de-printemps\/#primaryimage\"},\"thumbnailUrl\":\"https:\/\/studioamourette.com\/wp-content\/uploads\/2024\/02\/mock-up-serre.png\",\"datePublished\":\"2024-02-21T13:02:04+00:00\",\"dateModified\":\"2026-03-10T10:43:34+00:00\",\"description\":\"Impr\u00e9gnez-vous des premiers jours du printemps avec cette \u00a0jolie carte \u00e0 envoyer \u00e0 ceux que vous aimez ou en version affiche pour d\u00e9corer votre chez-vous.\",\"breadcrumb\":{\"@id\":\"https:\/\/studioamourette.com\/index.php\/product\/la-petite-serre-fleurie-carte-affiche-aquarelle-de-printemps\/#breadcrumb\"},\"inLanguage\":\"fr-FR\",\"potentialAction\":[{\"@type\":\"ReadAction\",\"target\":[\"https:\/\/studioamourette.com\/index.php\/product\/la-petite-serre-fleurie-carte-affiche-aquarelle-de-printemps\/\"]}]},{\"@type\":\"ImageObject\",\"inLanguage\":\"fr-FR\",\"@id\":\"https:\/\/studioamourette.com\/index.php\/product\/la-petite-serre-fleurie-carte-affiche-aquarelle-de-printemps\/#primaryimage\",\"url\":\"https:\/\/studioamourette.com\/wp-content\/uploads\/2024\/02\/mock-up-serre.png\",\"contentUrl\":\"https:\/\/studioamourette.com\/wp-content\/uploads\/2024\/02\/mock-up-serre.png\",\"width\":2250,\"height\":1502},{\"@type\":\"BreadcrumbList\",\"@id\":\"https:\/\/studioamourette.com\/index.php\/product\/la-petite-serre-fleurie-carte-affiche-aquarelle-de-printemps\/#breadcrumb\",\"itemListElement\":[{\"@type\":\"ListItem\",\"position\":1,\"name\":\"Accueil\",\"item\":\"https:\/\/studioamourette.com\/\"},{\"@type\":\"ListItem\",\"position\":2,\"name\":\"Shop\",\"item\":\"https:\/\/studioamourette.com\/index.php\/shop-2\/\"},{\"@type\":\"ListItem\",\"position\":3,\"name\":\"La petite serre fleurie &#8211; Carte, affiche aquarelle de printemps\"}]},{\"@type\":\"WebSite\",\"@id\":\"https:\/\/studioamourette.com\/#website\",\"url\":\"https:\/\/studioamourette.com\/\",\"name\":\"Studio Amourette\",\"description\":\"Illustrations du bonheur\",\"publisher\":{\"@id\":\"https:\/\/studioamourette.com\/#organization\"},\"potentialAction\":[{\"@type\":\"SearchAction\",\"target\":{\"@type\":\"EntryPoint\",\"urlTemplate\":\"https:\/\/studioamourette.com\/?s={search_term_string}\"},\"query-input\":{\"@type\":\"PropertyValueSpecification\",\"valueRequired\":true,\"valueName\":\"search_term_string\"}}],\"inLanguage\":\"fr-FR\"},{\"@type\":\"Organization\",\"@id\":\"https:\/\/studioamourette.com\/#organization\",\"name\":\"Studio Amourette\",\"url\":\"https:\/\/studioamourette.com\/\",\"logo\":{\"@type\":\"ImageObject\",\"inLanguage\":\"fr-FR\",\"@id\":\"https:\/\/studioamourette.com\/#\/schema\/logo\/image\/\",\"url\":\"https:\/\/studioamourette.com\/wp-content\/uploads\/2023\/07\/cropped-cropped-cropped-logo-studio-amourette-rectangle-terracotta_Plan-de-travail-1.png\",\"contentUrl\":\"https:\/\/studioamourette.com\/wp-content\/uploads\/2023\/07\/cropped-cropped-cropped-logo-studio-amourette-rectangle-terracotta_Plan-de-travail-1.png\",\"width\":538,\"height\":216,\"caption\":\"Studio Amourette\"},\"image\":{\"@id\":\"https:\/\/studioamourette.com\/#\/schema\/logo\/image\/\"},\"sameAs\":[\"https:\/\/www.facebook.com\/studioamourette\",\"https:\/\/www.instagram.com\/studio_amourette\"]}]}<\/script>\n<!-- \/ Yoast SEO plugin. -->","yoast_head_json":{"title":"La petite serre fleurie - Carte, affiche aquarelle de printemps - Studio Amourette","description":"Impr\u00e9gnez-vous des premiers jours du printemps avec cette \u00a0jolie carte \u00e0 envoyer \u00e0 ceux que vous aimez ou en version affiche pour d\u00e9corer votre chez-vous.","robots":{"index":"index","follow":"follow","max-snippet":"max-snippet:-1","max-image-preview":"max-image-preview:large","max-video-preview":"max-video-preview:-1"},"canonical":"https:\/\/studioamourette.com\/index.php\/product\/la-petite-serre-fleurie-carte-affiche-aquarelle-de-printemps\/","og_locale":"fr_FR","og_type":"article","og_title":"La petite serre fleurie - Carte, affiche aquarelle de printemps - Studio Amourette","og_description":"Impr\u00e9gnez-vous des premiers jours du printemps avec cette \u00a0jolie carte \u00e0 envoyer \u00e0 ceux que vous aimez ou en version affiche pour d\u00e9corer votre chez-vous.","og_url":"https:\/\/studioamourette.com\/index.php\/product\/la-petite-serre-fleurie-carte-affiche-aquarelle-de-printemps\/","og_site_name":"Studio Amourette","article_publisher":"https:\/\/www.facebook.com\/studioamourette","article_modified_time":"2026-03-10T10:43:34+00:00","og_image":[{"width":1024,"height":684,"url":"https:\/\/studioamourette.com\/wp-content\/uploads\/2024\/02\/mock-up-serre-1024x684.png","type":"image\/png"}],"twitter_card":"summary_large_image","twitter_misc":{"Dur\u00e9e de lecture estim\u00e9e":"1 minute"},"schema":{"@context":"https:\/\/schema.org","@graph":[{"@type":"WebPage","@id":"https:\/\/studioamourette.com\/index.php\/product\/la-petite-serre-fleurie-carte-affiche-aquarelle-de-printemps\/","url":"https:\/\/studioamourette.com\/index.php\/product\/la-petite-serre-fleurie-carte-affiche-aquarelle-de-printemps\/","name":"La petite serre fleurie - Carte, affiche aquarelle de printemps - Studio Amourette","isPartOf":{"@id":"https:\/\/studioamourette.com\/#website"},"primaryImageOfPage":{"@id":"https:\/\/studioamourette.com\/index.php\/product\/la-petite-serre-fleurie-carte-affiche-aquarelle-de-printemps\/#primaryimage"},"image":{"@id":"https:\/\/studioamourette.com\/index.php\/product\/la-petite-serre-fleurie-carte-affiche-aquarelle-de-printemps\/#primaryimage"},"thumbnailUrl":"https:\/\/studioamourette.com\/wp-content\/uploads\/2024\/02\/mock-up-serre.png","datePublished":"2024-02-21T13:02:04+00:00","dateModified":"2026-03-10T10:43:34+00:00","description":"Impr\u00e9gnez-vous des premiers jours du printemps avec cette \u00a0jolie carte \u00e0 envoyer \u00e0 ceux que vous aimez ou en version affiche pour d\u00e9corer votre chez-vous.","breadcrumb":{"@id":"https:\/\/studioamourette.com\/index.php\/product\/la-petite-serre-fleurie-carte-affiche-aquarelle-de-printemps\/#breadcrumb"},"inLanguage":"fr-FR","potentialAction":[{"@type":"ReadAction","target":["https:\/\/studioamourette.com\/index.php\/product\/la-petite-serre-fleurie-carte-affiche-aquarelle-de-printemps\/"]}]},{"@type":"ImageObject","inLanguage":"fr-FR","@id":"https:\/\/studioamourette.com\/index.php\/product\/la-petite-serre-fleurie-carte-affiche-aquarelle-de-printemps\/#primaryimage","url":"https:\/\/studioamourette.com\/wp-content\/uploads\/2024\/02\/mock-up-serre.png","contentUrl":"https:\/\/studioamourette.com\/wp-content\/uploads\/2024\/02\/mock-up-serre.png","width":2250,"height":1502},{"@type":"BreadcrumbList","@id":"https:\/\/studioamourette.com\/index.php\/product\/la-petite-serre-fleurie-carte-affiche-aquarelle-de-printemps\/#breadcrumb","itemListElement":[{"@type":"ListItem","position":1,"name":"Accueil","item":"https:\/\/studioamourette.com\/"},{"@type":"ListItem","position":2,"name":"Shop","item":"https:\/\/studioamourette.com\/index.php\/shop-2\/"},{"@type":"ListItem","position":3,"name":"La petite serre fleurie &#8211; Carte, affiche aquarelle de printemps"}]},{"@type":"WebSite","@id":"https:\/\/studioamourette.com\/#website","url":"https:\/\/studioamourette.com\/","name":"Studio Amourette","description":"Illustrations du bonheur","publisher":{"@id":"https:\/\/studioamourette.com\/#organization"},"potentialAction":[{"@type":"SearchAction","target":{"@type":"EntryPoint","urlTemplate":"https:\/\/studioamourette.com\/?s={search_term_string}"},"query-input":{"@type":"PropertyValueSpecification","valueRequired":true,"valueName":"search_term_string"}}],"inLanguage":"fr-FR"},{"@type":"Organization","@id":"https:\/\/studioamourette.com\/#organization","name":"Studio Amourette","url":"https:\/\/studioamourette.com\/","logo":{"@type":"ImageObject","inLanguage":"fr-FR","@id":"https:\/\/studioamourette.com\/#\/schema\/logo\/image\/","url":"https:\/\/studioamourette.com\/wp-content\/uploads\/2023\/07\/cropped-cropped-cropped-logo-studio-amourette-rectangle-terracotta_Plan-de-travail-1.png","contentUrl":"https:\/\/studioamourette.com\/wp-content\/uploads\/2023\/07\/cropped-cropped-cropped-logo-studio-amourette-rectangle-terracotta_Plan-de-travail-1.png","width":538,"height":216,"caption":"Studio Amourette"},"image":{"@id":"https:\/\/studioamourette.com\/#\/schema\/logo\/image\/"},"sameAs":["https:\/\/www.facebook.com\/studioamourette","https:\/\/www.instagram.com\/studio_amourette"]}]}},"_links":{"self":[{"href":"https:\/\/studioamourette.com\/index.php\/wp-json\/wp\/v2\/product\/1747","targetHints":{"allow":["GET"]}}],"collection":[{"href":"https:\/\/studioamourette.com\/index.php\/wp-json\/wp\/v2\/product"}],"about":[{"href":"https:\/\/studioamourette.com\/index.php\/wp-json\/wp\/v2\/types\/product"}],"wp:featuredmedia":[{"embeddable":true,"href":"https:\/\/studioamourette.com\/index.php\/wp-json\/wp\/v2\/media\/1748"}],"wp:attachment":[{"href":"https:\/\/studioamourette.com\/index.php\/wp-json\/wp\/v2\/media?parent=1747"}],"wp:term":[{"taxonomy":"product_brand","embeddable":true,"href":"https:\/\/studioamourette.com\/index.php\/wp-json\/wp\/v2\/product_brand?post=1747"},{"taxonomy":"product_cat","embeddable":true,"href":"https:\/\/studioamourette.com\/index.php\/wp-json\/wp\/v2\/product_cat?post=1747"},{"taxonomy":"product_tag","embeddable":true,"href":"https:\/\/studioamourette.com\/index.php\/wp-json\/wp\/v2\/product_tag?post=1747"}],"curies":[{"name":"wp","href":"https:\/\/api.w.org\/{rel}","templated":true}]}}