{"id":1741,"date":"2024-02-21T13:50:00","date_gmt":"2024-02-21T12:50:00","guid":{"rendered":"https:\/\/studioamourette.com\/?post_type=product&#038;p=1741"},"modified":"2024-03-19T10:42:11","modified_gmt":"2024-03-19T09:42:11","slug":"bouquet-de-mimosa-carte-et-affiche-aquarelle-printemps","status":"publish","type":"product","link":"https:\/\/studioamourette.com\/index.php\/product\/bouquet-de-mimosa-carte-et-affiche-aquarelle-printemps\/","title":{"rendered":"Bouquet de mimosa &#8211; carte et affiche aquarelle printemps"},"content":{"rendered":"<p>Plongez dans la douce lumi\u00e8re d&rsquo;un bouquet de mimosa fraichement cueilli ! Une jolie carte \u00e0 envoyer \u00e0 ceux que vous aimez, \u00e0 vous offrir ou en version affiche pour d\u00e9corer votre chez-vous.<\/p>\n<p><strong>D\u00e9tails <\/strong>: Reproduction de mon illustration originale, imprim\u00e9e sur papier mat 300g.<br \/>\n<strong>Formats<\/strong> : A6 (10,5 x 14,8 cm : format carte postale) ou A5 (14,8 x 21 cm) ou A4 (21 x 29.7 cm)<br \/>\n<strong>Envoi<\/strong> : Emballage sans mati\u00e8re plastique, envoi dans une enveloppe cartonn\u00e9e<\/p>\n<pre>Cadre et enveloppe non fournis. \r\nMockup : freepik.com<\/pre>\n","protected":false},"excerpt":{"rendered":"<p>Plongez dans la douce lumi\u00e8re d&rsquo;un bouquet de mimosa fraichement cueilli ! Une jolie carte \u00e0 envoyer \u00e0 ceux que vous aimez, \u00e0 vous offrir ou en version affiche pour d\u00e9corer votre chez-vous.<\/p>\n","protected":false},"featured_media":1743,"template":"","meta":{"om_disable_all_campaigns":false,"_kadence_starter_templates_imported_post":false,"_kad_post_transparent":"","_kad_post_title":"","_kad_post_layout":"","_kad_post_sidebar_id":"","_kad_post_content_style":"","_kad_post_vertical_padding":"","_kad_post_feature":"","_kad_post_feature_position":"","_kad_post_header":false,"_kad_post_footer":false},"product_brand":[],"product_cat":[20,108,114],"product_tag":[],"class_list":{"0":"post-1741","1":"product","2":"type-product","3":"status-publish","4":"has-post-thumbnail","6":"product_cat-tous-les-produits","7":"product_cat-cartes-et-affiches","8":"product_cat-printemps","9":"product_shipping_class-lettre","11":"first","12":"instock","13":"shipping-taxable","14":"purchasable","15":"product-type-variable","16":"entry","17":"content-bg","18":"loop-entry"},"yoast_head":"<!-- This site is optimized with the Yoast SEO plugin v26.8 - https:\/\/yoast.com\/product\/yoast-seo-wordpress\/ -->\n<title>Bouquet de mimosa - carte et affiche aquarelle printemps - Studio Amourette<\/title>\n<meta name=\"description\" content=\"Carte postale et affiche illustr\u00e9e repr\u00e9sentant un bouquet de mimosa et les premiers jours du printemps. Une jolie carte \u00e0 envoyer \u00e0 ceux que vous aimez ou pour d\u00e9corer votre chez-vous.\" \/>\n<meta name=\"robots\" content=\"index, follow, max-snippet:-1, max-image-preview:large, max-video-preview:-1\" \/>\n<link rel=\"canonical\" href=\"https:\/\/studioamourette.com\/index.php\/product\/bouquet-de-mimosa-carte-et-affiche-aquarelle-printemps\/\" \/>\n<meta property=\"og:locale\" content=\"fr_FR\" \/>\n<meta property=\"og:type\" content=\"article\" \/>\n<meta property=\"og:title\" content=\"Bouquet de mimosa - carte et affiche aquarelle printemps - Studio Amourette\" \/>\n<meta property=\"og:description\" content=\"Carte postale et affiche illustr\u00e9e repr\u00e9sentant un bouquet de mimosa et les premiers jours du printemps. Une jolie carte \u00e0 envoyer \u00e0 ceux que vous aimez ou pour d\u00e9corer votre chez-vous.\" \/>\n<meta property=\"og:url\" content=\"https:\/\/studioamourette.com\/index.php\/product\/bouquet-de-mimosa-carte-et-affiche-aquarelle-printemps\/\" \/>\n<meta property=\"og:site_name\" content=\"Studio Amourette\" \/>\n<meta property=\"article:publisher\" content=\"https:\/\/www.facebook.com\/studioamourette\" \/>\n<meta property=\"article:modified_time\" content=\"2024-03-19T09:42:11+00:00\" \/>\n<meta property=\"og:image\" content=\"https:\/\/studioamourette.com\/wp-content\/uploads\/2024\/02\/mimosa-mockup.jpg\" \/>\n\t<meta property=\"og:image:width\" content=\"2500\" \/>\n\t<meta property=\"og:image:height\" content=\"1669\" \/>\n\t<meta property=\"og:image:type\" content=\"image\/jpeg\" \/>\n<meta name=\"twitter:card\" content=\"summary_large_image\" \/>\n<meta name=\"twitter:label1\" content=\"Dur\u00e9e de lecture estim\u00e9e\" \/>\n\t<meta name=\"twitter:data1\" content=\"1 minute\" \/>\n<script type=\"application\/ld+json\" class=\"yoast-schema-graph\">{\"@context\":\"https:\/\/schema.org\",\"@graph\":[{\"@type\":\"WebPage\",\"@id\":\"https:\/\/studioamourette.com\/index.php\/product\/bouquet-de-mimosa-carte-et-affiche-aquarelle-printemps\/\",\"url\":\"https:\/\/studioamourette.com\/index.php\/product\/bouquet-de-mimosa-carte-et-affiche-aquarelle-printemps\/\",\"name\":\"Bouquet de mimosa - carte et affiche aquarelle printemps - Studio Amourette\",\"isPartOf\":{\"@id\":\"https:\/\/studioamourette.com\/#website\"},\"primaryImageOfPage\":{\"@id\":\"https:\/\/studioamourette.com\/index.php\/product\/bouquet-de-mimosa-carte-et-affiche-aquarelle-printemps\/#primaryimage\"},\"image\":{\"@id\":\"https:\/\/studioamourette.com\/index.php\/product\/bouquet-de-mimosa-carte-et-affiche-aquarelle-printemps\/#primaryimage\"},\"thumbnailUrl\":\"https:\/\/studioamourette.com\/wp-content\/uploads\/2024\/02\/mimosa-mockup.jpg\",\"datePublished\":\"2024-02-21T12:50:00+00:00\",\"dateModified\":\"2024-03-19T09:42:11+00:00\",\"description\":\"Carte postale et affiche illustr\u00e9e repr\u00e9sentant un bouquet de mimosa et les premiers jours du printemps. Une jolie carte \u00e0 envoyer \u00e0 ceux que vous aimez ou pour d\u00e9corer votre chez-vous.\",\"breadcrumb\":{\"@id\":\"https:\/\/studioamourette.com\/index.php\/product\/bouquet-de-mimosa-carte-et-affiche-aquarelle-printemps\/#breadcrumb\"},\"inLanguage\":\"fr-FR\",\"potentialAction\":[{\"@type\":\"ReadAction\",\"target\":[\"https:\/\/studioamourette.com\/index.php\/product\/bouquet-de-mimosa-carte-et-affiche-aquarelle-printemps\/\"]}]},{\"@type\":\"ImageObject\",\"inLanguage\":\"fr-FR\",\"@id\":\"https:\/\/studioamourette.com\/index.php\/product\/bouquet-de-mimosa-carte-et-affiche-aquarelle-printemps\/#primaryimage\",\"url\":\"https:\/\/studioamourette.com\/wp-content\/uploads\/2024\/02\/mimosa-mockup.jpg\",\"contentUrl\":\"https:\/\/studioamourette.com\/wp-content\/uploads\/2024\/02\/mimosa-mockup.jpg\",\"width\":2500,\"height\":1669},{\"@type\":\"BreadcrumbList\",\"@id\":\"https:\/\/studioamourette.com\/index.php\/product\/bouquet-de-mimosa-carte-et-affiche-aquarelle-printemps\/#breadcrumb\",\"itemListElement\":[{\"@type\":\"ListItem\",\"position\":1,\"name\":\"Accueil\",\"item\":\"https:\/\/studioamourette.com\/\"},{\"@type\":\"ListItem\",\"position\":2,\"name\":\"Shop\",\"item\":\"https:\/\/studioamourette.com\/index.php\/shop-2\/\"},{\"@type\":\"ListItem\",\"position\":3,\"name\":\"Bouquet de mimosa &#8211; carte et affiche aquarelle printemps\"}]},{\"@type\":\"WebSite\",\"@id\":\"https:\/\/studioamourette.com\/#website\",\"url\":\"https:\/\/studioamourette.com\/\",\"name\":\"Studio Amourette\",\"description\":\"Illustrations du bonheur\",\"publisher\":{\"@id\":\"https:\/\/studioamourette.com\/#organization\"},\"potentialAction\":[{\"@type\":\"SearchAction\",\"target\":{\"@type\":\"EntryPoint\",\"urlTemplate\":\"https:\/\/studioamourette.com\/?s={search_term_string}\"},\"query-input\":{\"@type\":\"PropertyValueSpecification\",\"valueRequired\":true,\"valueName\":\"search_term_string\"}}],\"inLanguage\":\"fr-FR\"},{\"@type\":\"Organization\",\"@id\":\"https:\/\/studioamourette.com\/#organization\",\"name\":\"Studio Amourette\",\"url\":\"https:\/\/studioamourette.com\/\",\"logo\":{\"@type\":\"ImageObject\",\"inLanguage\":\"fr-FR\",\"@id\":\"https:\/\/studioamourette.com\/#\/schema\/logo\/image\/\",\"url\":\"https:\/\/studioamourette.com\/wp-content\/uploads\/2023\/07\/cropped-cropped-cropped-logo-studio-amourette-rectangle-terracotta_Plan-de-travail-1.png\",\"contentUrl\":\"https:\/\/studioamourette.com\/wp-content\/uploads\/2023\/07\/cropped-cropped-cropped-logo-studio-amourette-rectangle-terracotta_Plan-de-travail-1.png\",\"width\":538,\"height\":216,\"caption\":\"Studio Amourette\"},\"image\":{\"@id\":\"https:\/\/studioamourette.com\/#\/schema\/logo\/image\/\"},\"sameAs\":[\"https:\/\/www.facebook.com\/studioamourette\",\"https:\/\/www.instagram.com\/studio_amourette\"]}]}<\/script>\n<!-- \/ Yoast SEO plugin. -->","yoast_head_json":{"title":"Bouquet de mimosa - carte et affiche aquarelle printemps - Studio Amourette","description":"Carte postale et affiche illustr\u00e9e repr\u00e9sentant un bouquet de mimosa et les premiers jours du printemps. Une jolie carte \u00e0 envoyer \u00e0 ceux que vous aimez ou pour d\u00e9corer votre chez-vous.","robots":{"index":"index","follow":"follow","max-snippet":"max-snippet:-1","max-image-preview":"max-image-preview:large","max-video-preview":"max-video-preview:-1"},"canonical":"https:\/\/studioamourette.com\/index.php\/product\/bouquet-de-mimosa-carte-et-affiche-aquarelle-printemps\/","og_locale":"fr_FR","og_type":"article","og_title":"Bouquet de mimosa - carte et affiche aquarelle printemps - Studio Amourette","og_description":"Carte postale et affiche illustr\u00e9e repr\u00e9sentant un bouquet de mimosa et les premiers jours du printemps. Une jolie carte \u00e0 envoyer \u00e0 ceux que vous aimez ou pour d\u00e9corer votre chez-vous.","og_url":"https:\/\/studioamourette.com\/index.php\/product\/bouquet-de-mimosa-carte-et-affiche-aquarelle-printemps\/","og_site_name":"Studio Amourette","article_publisher":"https:\/\/www.facebook.com\/studioamourette","article_modified_time":"2024-03-19T09:42:11+00:00","og_image":[{"width":2500,"height":1669,"url":"https:\/\/studioamourette.com\/wp-content\/uploads\/2024\/02\/mimosa-mockup.jpg","type":"image\/jpeg"}],"twitter_card":"summary_large_image","twitter_misc":{"Dur\u00e9e de lecture estim\u00e9e":"1 minute"},"schema":{"@context":"https:\/\/schema.org","@graph":[{"@type":"WebPage","@id":"https:\/\/studioamourette.com\/index.php\/product\/bouquet-de-mimosa-carte-et-affiche-aquarelle-printemps\/","url":"https:\/\/studioamourette.com\/index.php\/product\/bouquet-de-mimosa-carte-et-affiche-aquarelle-printemps\/","name":"Bouquet de mimosa - carte et affiche aquarelle printemps - Studio Amourette","isPartOf":{"@id":"https:\/\/studioamourette.com\/#website"},"primaryImageOfPage":{"@id":"https:\/\/studioamourette.com\/index.php\/product\/bouquet-de-mimosa-carte-et-affiche-aquarelle-printemps\/#primaryimage"},"image":{"@id":"https:\/\/studioamourette.com\/index.php\/product\/bouquet-de-mimosa-carte-et-affiche-aquarelle-printemps\/#primaryimage"},"thumbnailUrl":"https:\/\/studioamourette.com\/wp-content\/uploads\/2024\/02\/mimosa-mockup.jpg","datePublished":"2024-02-21T12:50:00+00:00","dateModified":"2024-03-19T09:42:11+00:00","description":"Carte postale et affiche illustr\u00e9e repr\u00e9sentant un bouquet de mimosa et les premiers jours du printemps. Une jolie carte \u00e0 envoyer \u00e0 ceux que vous aimez ou pour d\u00e9corer votre chez-vous.","breadcrumb":{"@id":"https:\/\/studioamourette.com\/index.php\/product\/bouquet-de-mimosa-carte-et-affiche-aquarelle-printemps\/#breadcrumb"},"inLanguage":"fr-FR","potentialAction":[{"@type":"ReadAction","target":["https:\/\/studioamourette.com\/index.php\/product\/bouquet-de-mimosa-carte-et-affiche-aquarelle-printemps\/"]}]},{"@type":"ImageObject","inLanguage":"fr-FR","@id":"https:\/\/studioamourette.com\/index.php\/product\/bouquet-de-mimosa-carte-et-affiche-aquarelle-printemps\/#primaryimage","url":"https:\/\/studioamourette.com\/wp-content\/uploads\/2024\/02\/mimosa-mockup.jpg","contentUrl":"https:\/\/studioamourette.com\/wp-content\/uploads\/2024\/02\/mimosa-mockup.jpg","width":2500,"height":1669},{"@type":"BreadcrumbList","@id":"https:\/\/studioamourette.com\/index.php\/product\/bouquet-de-mimosa-carte-et-affiche-aquarelle-printemps\/#breadcrumb","itemListElement":[{"@type":"ListItem","position":1,"name":"Accueil","item":"https:\/\/studioamourette.com\/"},{"@type":"ListItem","position":2,"name":"Shop","item":"https:\/\/studioamourette.com\/index.php\/shop-2\/"},{"@type":"ListItem","position":3,"name":"Bouquet de mimosa &#8211; carte et affiche aquarelle printemps"}]},{"@type":"WebSite","@id":"https:\/\/studioamourette.com\/#website","url":"https:\/\/studioamourette.com\/","name":"Studio Amourette","description":"Illustrations du bonheur","publisher":{"@id":"https:\/\/studioamourette.com\/#organization"},"potentialAction":[{"@type":"SearchAction","target":{"@type":"EntryPoint","urlTemplate":"https:\/\/studioamourette.com\/?s={search_term_string}"},"query-input":{"@type":"PropertyValueSpecification","valueRequired":true,"valueName":"search_term_string"}}],"inLanguage":"fr-FR"},{"@type":"Organization","@id":"https:\/\/studioamourette.com\/#organization","name":"Studio Amourette","url":"https:\/\/studioamourette.com\/","logo":{"@type":"ImageObject","inLanguage":"fr-FR","@id":"https:\/\/studioamourette.com\/#\/schema\/logo\/image\/","url":"https:\/\/studioamourette.com\/wp-content\/uploads\/2023\/07\/cropped-cropped-cropped-logo-studio-amourette-rectangle-terracotta_Plan-de-travail-1.png","contentUrl":"https:\/\/studioamourette.com\/wp-content\/uploads\/2023\/07\/cropped-cropped-cropped-logo-studio-amourette-rectangle-terracotta_Plan-de-travail-1.png","width":538,"height":216,"caption":"Studio Amourette"},"image":{"@id":"https:\/\/studioamourette.com\/#\/schema\/logo\/image\/"},"sameAs":["https:\/\/www.facebook.com\/studioamourette","https:\/\/www.instagram.com\/studio_amourette"]}]}},"_links":{"self":[{"href":"https:\/\/studioamourette.com\/index.php\/wp-json\/wp\/v2\/product\/1741","targetHints":{"allow":["GET"]}}],"collection":[{"href":"https:\/\/studioamourette.com\/index.php\/wp-json\/wp\/v2\/product"}],"about":[{"href":"https:\/\/studioamourette.com\/index.php\/wp-json\/wp\/v2\/types\/product"}],"wp:featuredmedia":[{"embeddable":true,"href":"https:\/\/studioamourette.com\/index.php\/wp-json\/wp\/v2\/media\/1743"}],"wp:attachment":[{"href":"https:\/\/studioamourette.com\/index.php\/wp-json\/wp\/v2\/media?parent=1741"}],"wp:term":[{"taxonomy":"product_brand","embeddable":true,"href":"https:\/\/studioamourette.com\/index.php\/wp-json\/wp\/v2\/product_brand?post=1741"},{"taxonomy":"product_cat","embeddable":true,"href":"https:\/\/studioamourette.com\/index.php\/wp-json\/wp\/v2\/product_cat?post=1741"},{"taxonomy":"product_tag","embeddable":true,"href":"https:\/\/studioamourette.com\/index.php\/wp-json\/wp\/v2\/product_tag?post=1741"}],"curies":[{"name":"wp","href":"https:\/\/api.w.org\/{rel}","templated":true}]}}