{"id":1601,"date":"2023-11-23T10:53:10","date_gmt":"2023-11-23T09:53:10","guid":{"rendered":"https:\/\/studioamourette.com\/?post_type=product&#038;p=1601"},"modified":"2024-09-28T20:58:00","modified_gmt":"2024-09-28T18:58:00","slug":"carte-affiche-the-bookshop","status":"publish","type":"product","link":"https:\/\/studioamourette.com\/index.php\/product\/carte-affiche-the-bookshop\/","title":{"rendered":"Carte\/Affiche \u00ab\u00a0The bookshop\u00a0\u00bb"},"content":{"rendered":"","protected":false},"excerpt":{"rendered":"<p>\ud83c\udf41 Reproduction de mon illustration originale intitul\u00e9e \u00ab\u00a0The Bookshop\u00a0\u00bb r\u00e9alis\u00e9e \u00e0 l&rsquo;aquarelle.<br \/>\nElle est disponible en divers formats. Parfaite pour une id\u00e9e cadeau originale ou d\u00e9corer son int\u00e9rieur aux couleurs de l&rsquo;automne.<\/p>\n<p>\ud83c\udf1f Descriptif et envoi :<br \/>\n&#8211; Imprim\u00e9e sur papier textur\u00e9 de qualit\u00e9 &#8211; 320 g<br \/>\n&#8211; Sign\u00e9e au verso<br \/>\n&#8211; Formats disponibles : A6 (10,5 x 14,8 cm : format carte postale) ou A5 (14,8 x 21 cm) ou A4 (21&#215;29,7 cm)<br \/>\n&#8211; Emball\u00e9e sans mati\u00e8re plastique pour pr\u00e9server notre environnement<br \/>\n&#8211; Envoi avec num\u00e9ro de suivi dans une enveloppe cartonn\u00e9e.<\/p>\n<p>Attention, selon les r\u00e9glages de votre \u00e9cran, les tons des couleurs peuvent l\u00e9g\u00e8rement varier.<br \/>\nCadre et enveloppe non fournis.<\/p>\n","protected":false},"featured_media":1649,"template":"","meta":{"om_disable_all_campaigns":false,"_kadence_starter_templates_imported_post":false,"_kad_post_transparent":"","_kad_post_title":"","_kad_post_layout":"","_kad_post_sidebar_id":"","_kad_post_content_style":"","_kad_post_vertical_padding":"","_kad_post_feature":"","_kad_post_feature_position":"","_kad_post_header":false,"_kad_post_footer":false},"product_brand":[],"product_cat":[118,108],"product_tag":[],"class_list":{"0":"post-1601","1":"product","2":"type-product","3":"status-publish","4":"has-post-thumbnail","6":"product_cat-automne","7":"product_cat-cartes-et-affiches","8":"product_shipping_class-lettre","10":"first","11":"instock","12":"shipping-taxable","13":"purchasable","14":"product-type-variable","15":"entry","16":"content-bg","17":"loop-entry"},"yoast_head":"<!-- This site is optimized with the Yoast SEO plugin v26.8 - https:\/\/yoast.com\/product\/yoast-seo-wordpress\/ -->\n<title>Carte\/Affiche &quot;The bookshop&quot; - Studio Amourette<\/title>\n<meta name=\"robots\" content=\"index, follow, max-snippet:-1, max-image-preview:large, max-video-preview:-1\" \/>\n<link rel=\"canonical\" href=\"https:\/\/studioamourette.com\/index.php\/product\/carte-affiche-the-bookshop\/\" \/>\n<meta property=\"og:locale\" content=\"fr_FR\" \/>\n<meta property=\"og:type\" content=\"article\" \/>\n<meta property=\"og:title\" content=\"Carte\/Affiche &quot;The bookshop&quot; - Studio Amourette\" \/>\n<meta property=\"og:description\" content=\"\ud83c\udf41 Reproduction de mon illustration originale intitul\u00e9e &quot;The Bookshop&quot; r\u00e9alis\u00e9e \u00e0 l&#039;aquarelle. Elle est disponible en divers formats. Parfaite pour une id\u00e9e cadeau originale ou d\u00e9corer son int\u00e9rieur aux couleurs de l&#039;automne.  \ud83c\udf1f Descriptif et envoi : - Imprim\u00e9e sur papier textur\u00e9 de qualit\u00e9 - 320 g - Sign\u00e9e au verso - Formats disponibles : A6 (10,5 x 14,8 cm : format carte postale) ou A5 (14,8 x 21 cm) ou A4 (21x29,7 cm) - Emball\u00e9e sans mati\u00e8re plastique pour pr\u00e9server notre environnement - Envoi avec num\u00e9ro de suivi dans une enveloppe cartonn\u00e9e.  Attention, selon les r\u00e9glages de votre \u00e9cran, les tons des couleurs peuvent l\u00e9g\u00e8rement varier. Cadre et enveloppe non fournis.\" \/>\n<meta property=\"og:url\" content=\"https:\/\/studioamourette.com\/index.php\/product\/carte-affiche-the-bookshop\/\" \/>\n<meta property=\"og:site_name\" content=\"Studio Amourette\" \/>\n<meta property=\"article:publisher\" content=\"https:\/\/www.facebook.com\/studioamourette\" \/>\n<meta property=\"article:modified_time\" content=\"2024-09-28T18:58:00+00:00\" \/>\n<meta property=\"og:image\" content=\"https:\/\/studioamourette.com\/wp-content\/uploads\/2023\/11\/0309C3C4-1855-4601-8BA5-F6DE90E630A9.jpg\" \/>\n\t<meta property=\"og:image:width\" content=\"1440\" \/>\n\t<meta property=\"og:image:height\" content=\"1440\" \/>\n\t<meta property=\"og:image:type\" content=\"image\/jpeg\" \/>\n<meta name=\"twitter:card\" content=\"summary_large_image\" \/>\n<script type=\"application\/ld+json\" class=\"yoast-schema-graph\">{\"@context\":\"https:\/\/schema.org\",\"@graph\":[{\"@type\":\"WebPage\",\"@id\":\"https:\/\/studioamourette.com\/index.php\/product\/carte-affiche-the-bookshop\/\",\"url\":\"https:\/\/studioamourette.com\/index.php\/product\/carte-affiche-the-bookshop\/\",\"name\":\"Carte\/Affiche \\\"The bookshop\\\" - Studio Amourette\",\"isPartOf\":{\"@id\":\"https:\/\/studioamourette.com\/#website\"},\"primaryImageOfPage\":{\"@id\":\"https:\/\/studioamourette.com\/index.php\/product\/carte-affiche-the-bookshop\/#primaryimage\"},\"image\":{\"@id\":\"https:\/\/studioamourette.com\/index.php\/product\/carte-affiche-the-bookshop\/#primaryimage\"},\"thumbnailUrl\":\"https:\/\/studioamourette.com\/wp-content\/uploads\/2023\/11\/0309C3C4-1855-4601-8BA5-F6DE90E630A9.jpg\",\"datePublished\":\"2023-11-23T09:53:10+00:00\",\"dateModified\":\"2024-09-28T18:58:00+00:00\",\"breadcrumb\":{\"@id\":\"https:\/\/studioamourette.com\/index.php\/product\/carte-affiche-the-bookshop\/#breadcrumb\"},\"inLanguage\":\"fr-FR\",\"potentialAction\":[{\"@type\":\"ReadAction\",\"target\":[\"https:\/\/studioamourette.com\/index.php\/product\/carte-affiche-the-bookshop\/\"]}]},{\"@type\":\"ImageObject\",\"inLanguage\":\"fr-FR\",\"@id\":\"https:\/\/studioamourette.com\/index.php\/product\/carte-affiche-the-bookshop\/#primaryimage\",\"url\":\"https:\/\/studioamourette.com\/wp-content\/uploads\/2023\/11\/0309C3C4-1855-4601-8BA5-F6DE90E630A9.jpg\",\"contentUrl\":\"https:\/\/studioamourette.com\/wp-content\/uploads\/2023\/11\/0309C3C4-1855-4601-8BA5-F6DE90E630A9.jpg\",\"width\":1440,\"height\":1440},{\"@type\":\"BreadcrumbList\",\"@id\":\"https:\/\/studioamourette.com\/index.php\/product\/carte-affiche-the-bookshop\/#breadcrumb\",\"itemListElement\":[{\"@type\":\"ListItem\",\"position\":1,\"name\":\"Accueil\",\"item\":\"https:\/\/studioamourette.com\/\"},{\"@type\":\"ListItem\",\"position\":2,\"name\":\"Shop\",\"item\":\"https:\/\/studioamourette.com\/index.php\/shop-2\/\"},{\"@type\":\"ListItem\",\"position\":3,\"name\":\"Carte\/Affiche &#8220;The bookshop&#8221;\"}]},{\"@type\":\"WebSite\",\"@id\":\"https:\/\/studioamourette.com\/#website\",\"url\":\"https:\/\/studioamourette.com\/\",\"name\":\"Studio Amourette\",\"description\":\"Illustrations du bonheur\",\"publisher\":{\"@id\":\"https:\/\/studioamourette.com\/#organization\"},\"potentialAction\":[{\"@type\":\"SearchAction\",\"target\":{\"@type\":\"EntryPoint\",\"urlTemplate\":\"https:\/\/studioamourette.com\/?s={search_term_string}\"},\"query-input\":{\"@type\":\"PropertyValueSpecification\",\"valueRequired\":true,\"valueName\":\"search_term_string\"}}],\"inLanguage\":\"fr-FR\"},{\"@type\":\"Organization\",\"@id\":\"https:\/\/studioamourette.com\/#organization\",\"name\":\"Studio Amourette\",\"url\":\"https:\/\/studioamourette.com\/\",\"logo\":{\"@type\":\"ImageObject\",\"inLanguage\":\"fr-FR\",\"@id\":\"https:\/\/studioamourette.com\/#\/schema\/logo\/image\/\",\"url\":\"https:\/\/studioamourette.com\/wp-content\/uploads\/2023\/07\/cropped-cropped-cropped-logo-studio-amourette-rectangle-terracotta_Plan-de-travail-1.png\",\"contentUrl\":\"https:\/\/studioamourette.com\/wp-content\/uploads\/2023\/07\/cropped-cropped-cropped-logo-studio-amourette-rectangle-terracotta_Plan-de-travail-1.png\",\"width\":538,\"height\":216,\"caption\":\"Studio Amourette\"},\"image\":{\"@id\":\"https:\/\/studioamourette.com\/#\/schema\/logo\/image\/\"},\"sameAs\":[\"https:\/\/www.facebook.com\/studioamourette\",\"https:\/\/www.instagram.com\/studio_amourette\"]}]}<\/script>\n<!-- \/ Yoast SEO plugin. -->","yoast_head_json":{"title":"Carte\/Affiche \"The bookshop\" - Studio Amourette","robots":{"index":"index","follow":"follow","max-snippet":"max-snippet:-1","max-image-preview":"max-image-preview:large","max-video-preview":"max-video-preview:-1"},"canonical":"https:\/\/studioamourette.com\/index.php\/product\/carte-affiche-the-bookshop\/","og_locale":"fr_FR","og_type":"article","og_title":"Carte\/Affiche \"The bookshop\" - Studio Amourette","og_description":"\ud83c\udf41 Reproduction de mon illustration originale intitul\u00e9e \"The Bookshop\" r\u00e9alis\u00e9e \u00e0 l'aquarelle. Elle est disponible en divers formats. Parfaite pour une id\u00e9e cadeau originale ou d\u00e9corer son int\u00e9rieur aux couleurs de l'automne.  \ud83c\udf1f Descriptif et envoi : - Imprim\u00e9e sur papier textur\u00e9 de qualit\u00e9 - 320 g - Sign\u00e9e au verso - Formats disponibles : A6 (10,5 x 14,8 cm : format carte postale) ou A5 (14,8 x 21 cm) ou A4 (21x29,7 cm) - Emball\u00e9e sans mati\u00e8re plastique pour pr\u00e9server notre environnement - Envoi avec num\u00e9ro de suivi dans une enveloppe cartonn\u00e9e.  Attention, selon les r\u00e9glages de votre \u00e9cran, les tons des couleurs peuvent l\u00e9g\u00e8rement varier. Cadre et enveloppe non fournis.","og_url":"https:\/\/studioamourette.com\/index.php\/product\/carte-affiche-the-bookshop\/","og_site_name":"Studio Amourette","article_publisher":"https:\/\/www.facebook.com\/studioamourette","article_modified_time":"2024-09-28T18:58:00+00:00","og_image":[{"width":1440,"height":1440,"url":"https:\/\/studioamourette.com\/wp-content\/uploads\/2023\/11\/0309C3C4-1855-4601-8BA5-F6DE90E630A9.jpg","type":"image\/jpeg"}],"twitter_card":"summary_large_image","schema":{"@context":"https:\/\/schema.org","@graph":[{"@type":"WebPage","@id":"https:\/\/studioamourette.com\/index.php\/product\/carte-affiche-the-bookshop\/","url":"https:\/\/studioamourette.com\/index.php\/product\/carte-affiche-the-bookshop\/","name":"Carte\/Affiche \"The bookshop\" - Studio Amourette","isPartOf":{"@id":"https:\/\/studioamourette.com\/#website"},"primaryImageOfPage":{"@id":"https:\/\/studioamourette.com\/index.php\/product\/carte-affiche-the-bookshop\/#primaryimage"},"image":{"@id":"https:\/\/studioamourette.com\/index.php\/product\/carte-affiche-the-bookshop\/#primaryimage"},"thumbnailUrl":"https:\/\/studioamourette.com\/wp-content\/uploads\/2023\/11\/0309C3C4-1855-4601-8BA5-F6DE90E630A9.jpg","datePublished":"2023-11-23T09:53:10+00:00","dateModified":"2024-09-28T18:58:00+00:00","breadcrumb":{"@id":"https:\/\/studioamourette.com\/index.php\/product\/carte-affiche-the-bookshop\/#breadcrumb"},"inLanguage":"fr-FR","potentialAction":[{"@type":"ReadAction","target":["https:\/\/studioamourette.com\/index.php\/product\/carte-affiche-the-bookshop\/"]}]},{"@type":"ImageObject","inLanguage":"fr-FR","@id":"https:\/\/studioamourette.com\/index.php\/product\/carte-affiche-the-bookshop\/#primaryimage","url":"https:\/\/studioamourette.com\/wp-content\/uploads\/2023\/11\/0309C3C4-1855-4601-8BA5-F6DE90E630A9.jpg","contentUrl":"https:\/\/studioamourette.com\/wp-content\/uploads\/2023\/11\/0309C3C4-1855-4601-8BA5-F6DE90E630A9.jpg","width":1440,"height":1440},{"@type":"BreadcrumbList","@id":"https:\/\/studioamourette.com\/index.php\/product\/carte-affiche-the-bookshop\/#breadcrumb","itemListElement":[{"@type":"ListItem","position":1,"name":"Accueil","item":"https:\/\/studioamourette.com\/"},{"@type":"ListItem","position":2,"name":"Shop","item":"https:\/\/studioamourette.com\/index.php\/shop-2\/"},{"@type":"ListItem","position":3,"name":"Carte\/Affiche &#8220;The bookshop&#8221;"}]},{"@type":"WebSite","@id":"https:\/\/studioamourette.com\/#website","url":"https:\/\/studioamourette.com\/","name":"Studio Amourette","description":"Illustrations du bonheur","publisher":{"@id":"https:\/\/studioamourette.com\/#organization"},"potentialAction":[{"@type":"SearchAction","target":{"@type":"EntryPoint","urlTemplate":"https:\/\/studioamourette.com\/?s={search_term_string}"},"query-input":{"@type":"PropertyValueSpecification","valueRequired":true,"valueName":"search_term_string"}}],"inLanguage":"fr-FR"},{"@type":"Organization","@id":"https:\/\/studioamourette.com\/#organization","name":"Studio Amourette","url":"https:\/\/studioamourette.com\/","logo":{"@type":"ImageObject","inLanguage":"fr-FR","@id":"https:\/\/studioamourette.com\/#\/schema\/logo\/image\/","url":"https:\/\/studioamourette.com\/wp-content\/uploads\/2023\/07\/cropped-cropped-cropped-logo-studio-amourette-rectangle-terracotta_Plan-de-travail-1.png","contentUrl":"https:\/\/studioamourette.com\/wp-content\/uploads\/2023\/07\/cropped-cropped-cropped-logo-studio-amourette-rectangle-terracotta_Plan-de-travail-1.png","width":538,"height":216,"caption":"Studio Amourette"},"image":{"@id":"https:\/\/studioamourette.com\/#\/schema\/logo\/image\/"},"sameAs":["https:\/\/www.facebook.com\/studioamourette","https:\/\/www.instagram.com\/studio_amourette"]}]}},"_links":{"self":[{"href":"https:\/\/studioamourette.com\/index.php\/wp-json\/wp\/v2\/product\/1601","targetHints":{"allow":["GET"]}}],"collection":[{"href":"https:\/\/studioamourette.com\/index.php\/wp-json\/wp\/v2\/product"}],"about":[{"href":"https:\/\/studioamourette.com\/index.php\/wp-json\/wp\/v2\/types\/product"}],"wp:featuredmedia":[{"embeddable":true,"href":"https:\/\/studioamourette.com\/index.php\/wp-json\/wp\/v2\/media\/1649"}],"wp:attachment":[{"href":"https:\/\/studioamourette.com\/index.php\/wp-json\/wp\/v2\/media?parent=1601"}],"wp:term":[{"taxonomy":"product_brand","embeddable":true,"href":"https:\/\/studioamourette.com\/index.php\/wp-json\/wp\/v2\/product_brand?post=1601"},{"taxonomy":"product_cat","embeddable":true,"href":"https:\/\/studioamourette.com\/index.php\/wp-json\/wp\/v2\/product_cat?post=1601"},{"taxonomy":"product_tag","embeddable":true,"href":"https:\/\/studioamourette.com\/index.php\/wp-json\/wp\/v2\/product_tag?post=1601"}],"curies":[{"name":"wp","href":"https:\/\/api.w.org\/{rel}","templated":true}]}}