{"id":1558,"date":"2023-11-23T13:00:10","date_gmt":"2023-11-23T12:00:10","guid":{"rendered":"https:\/\/studioamourette.com\/?post_type=product&#038;p=1558"},"modified":"2024-09-22T11:37:08","modified_gmt":"2024-09-22T09:37:08","slug":"carte-et-affiche-wonderful-time-of-the-year","status":"publish","type":"product","link":"https:\/\/studioamourette.com\/index.php\/product\/carte-et-affiche-wonderful-time-of-the-year\/","title":{"rendered":"Carte et affiche \u00ab\u00a0Wonderful Time of the Year\u00a0\u00bb"},"content":{"rendered":"","protected":false},"excerpt":{"rendered":"<p>Plongez dans l&rsquo;esprit de No\u00ebl avec cette carte, reproduction de mon illustration \u00ab\u00a0La Ville de No\u00ebl\u00a0\u00bb. Des maisons illumin\u00e9es, d\u00e9cor\u00e9es et des sapins qui brillent sous les \u00e9toiles d&rsquo;une douce nuit de d\u00e9cembre. It&rsquo;s the most wonderful time of the year !<\/p>\n<p>Disponible en format carte de voeux, en petite ou grand affiche.<\/p>\n<p>Formats disponibles : A6, A5 et A4<\/p>\n<p>Impression sur du papier mat de haute qualit\u00e9, 350g<\/p>\n<p>Sign\u00e9e au verso.<\/p>\n","protected":false},"featured_media":1672,"template":"","meta":{"om_disable_all_campaigns":false,"_kadence_starter_templates_imported_post":false,"_kad_post_transparent":"","_kad_post_title":"","_kad_post_layout":"","_kad_post_sidebar_id":"","_kad_post_content_style":"","_kad_post_vertical_padding":"","_kad_post_feature":"","_kad_post_feature_position":"","_kad_post_header":false,"_kad_post_footer":false},"product_brand":[],"product_cat":[108,112],"product_tag":[],"class_list":{"0":"post-1558","1":"product","2":"type-product","3":"status-publish","4":"has-post-thumbnail","6":"product_cat-cartes-et-affiches","7":"product_cat-noel","8":"product_shipping_class-lettre","10":"first","11":"instock","12":"shipping-taxable","13":"purchasable","14":"product-type-variable","15":"entry","16":"content-bg","17":"loop-entry"},"yoast_head":"<!-- This site is optimized with the Yoast SEO plugin v26.8 - https:\/\/yoast.com\/product\/yoast-seo-wordpress\/ -->\n<title>Carte et affiche &quot;Wonderful Time of the Year&quot; - Studio Amourette<\/title>\n<meta name=\"robots\" content=\"index, follow, max-snippet:-1, max-image-preview:large, max-video-preview:-1\" \/>\n<link rel=\"canonical\" href=\"https:\/\/studioamourette.com\/index.php\/product\/carte-et-affiche-wonderful-time-of-the-year\/\" \/>\n<meta property=\"og:locale\" content=\"fr_FR\" \/>\n<meta property=\"og:type\" content=\"article\" \/>\n<meta property=\"og:title\" content=\"Carte et affiche &quot;Wonderful Time of the Year&quot; - Studio Amourette\" \/>\n<meta property=\"og:description\" content=\"Plongez dans l&#039;esprit de No\u00ebl avec cette carte, reproduction de mon illustration &quot;La Ville de No\u00ebl&quot;. Des maisons illumin\u00e9es, d\u00e9cor\u00e9es et des sapins qui brillent sous les \u00e9toiles d&#039;une douce nuit de d\u00e9cembre. It&#039;s the most wonderful time of the year !  Disponible en format carte de voeux, en petite ou grand affiche.  Formats disponibles : A6, A5 et A4  Impression sur du papier mat de haute qualit\u00e9, 350g  Sign\u00e9e au verso.\" \/>\n<meta property=\"og:url\" content=\"https:\/\/studioamourette.com\/index.php\/product\/carte-et-affiche-wonderful-time-of-the-year\/\" \/>\n<meta property=\"og:site_name\" content=\"Studio Amourette\" \/>\n<meta property=\"article:publisher\" content=\"https:\/\/www.facebook.com\/studioamourette\" \/>\n<meta property=\"article:modified_time\" content=\"2024-09-22T09:37:08+00:00\" \/>\n<meta property=\"og:image\" content=\"https:\/\/studioamourette.com\/wp-content\/uploads\/2023\/11\/IMG_E24211-scaled.jpg\" \/>\n\t<meta property=\"og:image:width\" content=\"1920\" \/>\n\t<meta property=\"og:image:height\" content=\"2560\" \/>\n\t<meta property=\"og:image:type\" content=\"image\/jpeg\" \/>\n<meta name=\"twitter:card\" content=\"summary_large_image\" \/>\n<script type=\"application\/ld+json\" class=\"yoast-schema-graph\">{\"@context\":\"https:\/\/schema.org\",\"@graph\":[{\"@type\":\"WebPage\",\"@id\":\"https:\/\/studioamourette.com\/index.php\/product\/carte-et-affiche-wonderful-time-of-the-year\/\",\"url\":\"https:\/\/studioamourette.com\/index.php\/product\/carte-et-affiche-wonderful-time-of-the-year\/\",\"name\":\"Carte et affiche \\\"Wonderful Time of the Year\\\" - Studio Amourette\",\"isPartOf\":{\"@id\":\"https:\/\/studioamourette.com\/#website\"},\"primaryImageOfPage\":{\"@id\":\"https:\/\/studioamourette.com\/index.php\/product\/carte-et-affiche-wonderful-time-of-the-year\/#primaryimage\"},\"image\":{\"@id\":\"https:\/\/studioamourette.com\/index.php\/product\/carte-et-affiche-wonderful-time-of-the-year\/#primaryimage\"},\"thumbnailUrl\":\"https:\/\/studioamourette.com\/wp-content\/uploads\/2023\/11\/IMG_E24211-scaled.jpg\",\"datePublished\":\"2023-11-23T12:00:10+00:00\",\"dateModified\":\"2024-09-22T09:37:08+00:00\",\"breadcrumb\":{\"@id\":\"https:\/\/studioamourette.com\/index.php\/product\/carte-et-affiche-wonderful-time-of-the-year\/#breadcrumb\"},\"inLanguage\":\"fr-FR\",\"potentialAction\":[{\"@type\":\"ReadAction\",\"target\":[\"https:\/\/studioamourette.com\/index.php\/product\/carte-et-affiche-wonderful-time-of-the-year\/\"]}]},{\"@type\":\"ImageObject\",\"inLanguage\":\"fr-FR\",\"@id\":\"https:\/\/studioamourette.com\/index.php\/product\/carte-et-affiche-wonderful-time-of-the-year\/#primaryimage\",\"url\":\"https:\/\/studioamourette.com\/wp-content\/uploads\/2023\/11\/IMG_E24211-scaled.jpg\",\"contentUrl\":\"https:\/\/studioamourette.com\/wp-content\/uploads\/2023\/11\/IMG_E24211-scaled.jpg\",\"width\":1920,\"height\":2560},{\"@type\":\"BreadcrumbList\",\"@id\":\"https:\/\/studioamourette.com\/index.php\/product\/carte-et-affiche-wonderful-time-of-the-year\/#breadcrumb\",\"itemListElement\":[{\"@type\":\"ListItem\",\"position\":1,\"name\":\"Accueil\",\"item\":\"https:\/\/studioamourette.com\/\"},{\"@type\":\"ListItem\",\"position\":2,\"name\":\"Shop\",\"item\":\"https:\/\/studioamourette.com\/index.php\/shop-2\/\"},{\"@type\":\"ListItem\",\"position\":3,\"name\":\"Carte et affiche &#8220;Wonderful Time of the Year&#8221;\"}]},{\"@type\":\"WebSite\",\"@id\":\"https:\/\/studioamourette.com\/#website\",\"url\":\"https:\/\/studioamourette.com\/\",\"name\":\"Studio Amourette\",\"description\":\"Illustrations du bonheur\",\"publisher\":{\"@id\":\"https:\/\/studioamourette.com\/#organization\"},\"potentialAction\":[{\"@type\":\"SearchAction\",\"target\":{\"@type\":\"EntryPoint\",\"urlTemplate\":\"https:\/\/studioamourette.com\/?s={search_term_string}\"},\"query-input\":{\"@type\":\"PropertyValueSpecification\",\"valueRequired\":true,\"valueName\":\"search_term_string\"}}],\"inLanguage\":\"fr-FR\"},{\"@type\":\"Organization\",\"@id\":\"https:\/\/studioamourette.com\/#organization\",\"name\":\"Studio Amourette\",\"url\":\"https:\/\/studioamourette.com\/\",\"logo\":{\"@type\":\"ImageObject\",\"inLanguage\":\"fr-FR\",\"@id\":\"https:\/\/studioamourette.com\/#\/schema\/logo\/image\/\",\"url\":\"https:\/\/studioamourette.com\/wp-content\/uploads\/2023\/07\/cropped-cropped-cropped-logo-studio-amourette-rectangle-terracotta_Plan-de-travail-1.png\",\"contentUrl\":\"https:\/\/studioamourette.com\/wp-content\/uploads\/2023\/07\/cropped-cropped-cropped-logo-studio-amourette-rectangle-terracotta_Plan-de-travail-1.png\",\"width\":538,\"height\":216,\"caption\":\"Studio Amourette\"},\"image\":{\"@id\":\"https:\/\/studioamourette.com\/#\/schema\/logo\/image\/\"},\"sameAs\":[\"https:\/\/www.facebook.com\/studioamourette\",\"https:\/\/www.instagram.com\/studio_amourette\"]}]}<\/script>\n<!-- \/ Yoast SEO plugin. -->","yoast_head_json":{"title":"Carte et affiche \"Wonderful Time of the Year\" - Studio Amourette","robots":{"index":"index","follow":"follow","max-snippet":"max-snippet:-1","max-image-preview":"max-image-preview:large","max-video-preview":"max-video-preview:-1"},"canonical":"https:\/\/studioamourette.com\/index.php\/product\/carte-et-affiche-wonderful-time-of-the-year\/","og_locale":"fr_FR","og_type":"article","og_title":"Carte et affiche \"Wonderful Time of the Year\" - Studio Amourette","og_description":"Plongez dans l'esprit de No\u00ebl avec cette carte, reproduction de mon illustration \"La Ville de No\u00ebl\". Des maisons illumin\u00e9es, d\u00e9cor\u00e9es et des sapins qui brillent sous les \u00e9toiles d'une douce nuit de d\u00e9cembre. It's the most wonderful time of the year !  Disponible en format carte de voeux, en petite ou grand affiche.  Formats disponibles : A6, A5 et A4  Impression sur du papier mat de haute qualit\u00e9, 350g  Sign\u00e9e au verso.","og_url":"https:\/\/studioamourette.com\/index.php\/product\/carte-et-affiche-wonderful-time-of-the-year\/","og_site_name":"Studio Amourette","article_publisher":"https:\/\/www.facebook.com\/studioamourette","article_modified_time":"2024-09-22T09:37:08+00:00","og_image":[{"width":1920,"height":2560,"url":"https:\/\/studioamourette.com\/wp-content\/uploads\/2023\/11\/IMG_E24211-scaled.jpg","type":"image\/jpeg"}],"twitter_card":"summary_large_image","schema":{"@context":"https:\/\/schema.org","@graph":[{"@type":"WebPage","@id":"https:\/\/studioamourette.com\/index.php\/product\/carte-et-affiche-wonderful-time-of-the-year\/","url":"https:\/\/studioamourette.com\/index.php\/product\/carte-et-affiche-wonderful-time-of-the-year\/","name":"Carte et affiche \"Wonderful Time of the Year\" - Studio Amourette","isPartOf":{"@id":"https:\/\/studioamourette.com\/#website"},"primaryImageOfPage":{"@id":"https:\/\/studioamourette.com\/index.php\/product\/carte-et-affiche-wonderful-time-of-the-year\/#primaryimage"},"image":{"@id":"https:\/\/studioamourette.com\/index.php\/product\/carte-et-affiche-wonderful-time-of-the-year\/#primaryimage"},"thumbnailUrl":"https:\/\/studioamourette.com\/wp-content\/uploads\/2023\/11\/IMG_E24211-scaled.jpg","datePublished":"2023-11-23T12:00:10+00:00","dateModified":"2024-09-22T09:37:08+00:00","breadcrumb":{"@id":"https:\/\/studioamourette.com\/index.php\/product\/carte-et-affiche-wonderful-time-of-the-year\/#breadcrumb"},"inLanguage":"fr-FR","potentialAction":[{"@type":"ReadAction","target":["https:\/\/studioamourette.com\/index.php\/product\/carte-et-affiche-wonderful-time-of-the-year\/"]}]},{"@type":"ImageObject","inLanguage":"fr-FR","@id":"https:\/\/studioamourette.com\/index.php\/product\/carte-et-affiche-wonderful-time-of-the-year\/#primaryimage","url":"https:\/\/studioamourette.com\/wp-content\/uploads\/2023\/11\/IMG_E24211-scaled.jpg","contentUrl":"https:\/\/studioamourette.com\/wp-content\/uploads\/2023\/11\/IMG_E24211-scaled.jpg","width":1920,"height":2560},{"@type":"BreadcrumbList","@id":"https:\/\/studioamourette.com\/index.php\/product\/carte-et-affiche-wonderful-time-of-the-year\/#breadcrumb","itemListElement":[{"@type":"ListItem","position":1,"name":"Accueil","item":"https:\/\/studioamourette.com\/"},{"@type":"ListItem","position":2,"name":"Shop","item":"https:\/\/studioamourette.com\/index.php\/shop-2\/"},{"@type":"ListItem","position":3,"name":"Carte et affiche &#8220;Wonderful Time of the Year&#8221;"}]},{"@type":"WebSite","@id":"https:\/\/studioamourette.com\/#website","url":"https:\/\/studioamourette.com\/","name":"Studio Amourette","description":"Illustrations du bonheur","publisher":{"@id":"https:\/\/studioamourette.com\/#organization"},"potentialAction":[{"@type":"SearchAction","target":{"@type":"EntryPoint","urlTemplate":"https:\/\/studioamourette.com\/?s={search_term_string}"},"query-input":{"@type":"PropertyValueSpecification","valueRequired":true,"valueName":"search_term_string"}}],"inLanguage":"fr-FR"},{"@type":"Organization","@id":"https:\/\/studioamourette.com\/#organization","name":"Studio Amourette","url":"https:\/\/studioamourette.com\/","logo":{"@type":"ImageObject","inLanguage":"fr-FR","@id":"https:\/\/studioamourette.com\/#\/schema\/logo\/image\/","url":"https:\/\/studioamourette.com\/wp-content\/uploads\/2023\/07\/cropped-cropped-cropped-logo-studio-amourette-rectangle-terracotta_Plan-de-travail-1.png","contentUrl":"https:\/\/studioamourette.com\/wp-content\/uploads\/2023\/07\/cropped-cropped-cropped-logo-studio-amourette-rectangle-terracotta_Plan-de-travail-1.png","width":538,"height":216,"caption":"Studio Amourette"},"image":{"@id":"https:\/\/studioamourette.com\/#\/schema\/logo\/image\/"},"sameAs":["https:\/\/www.facebook.com\/studioamourette","https:\/\/www.instagram.com\/studio_amourette"]}]}},"_links":{"self":[{"href":"https:\/\/studioamourette.com\/index.php\/wp-json\/wp\/v2\/product\/1558","targetHints":{"allow":["GET"]}}],"collection":[{"href":"https:\/\/studioamourette.com\/index.php\/wp-json\/wp\/v2\/product"}],"about":[{"href":"https:\/\/studioamourette.com\/index.php\/wp-json\/wp\/v2\/types\/product"}],"wp:featuredmedia":[{"embeddable":true,"href":"https:\/\/studioamourette.com\/index.php\/wp-json\/wp\/v2\/media\/1672"}],"wp:attachment":[{"href":"https:\/\/studioamourette.com\/index.php\/wp-json\/wp\/v2\/media?parent=1558"}],"wp:term":[{"taxonomy":"product_brand","embeddable":true,"href":"https:\/\/studioamourette.com\/index.php\/wp-json\/wp\/v2\/product_brand?post=1558"},{"taxonomy":"product_cat","embeddable":true,"href":"https:\/\/studioamourette.com\/index.php\/wp-json\/wp\/v2\/product_cat?post=1558"},{"taxonomy":"product_tag","embeddable":true,"href":"https:\/\/studioamourette.com\/index.php\/wp-json\/wp\/v2\/product_tag?post=1558"}],"curies":[{"name":"wp","href":"https:\/\/api.w.org\/{rel}","templated":true}]}}