{"id":1557,"date":"2023-11-23T12:30:48","date_gmt":"2023-11-23T11:30:48","guid":{"rendered":"https:\/\/studioamourette.com\/?post_type=product&#038;p=1557"},"modified":"2024-09-17T14:01:39","modified_gmt":"2024-09-17T12:01:39","slug":"bloc-notes-fleurs-et-etoiles","status":"publish","type":"product","link":"https:\/\/studioamourette.com\/index.php\/product\/bloc-notes-fleurs-et-etoiles\/","title":{"rendered":"Bloc-notes \u00ab\u00a0Fleurs et \u00e9toiles\u00a0\u00bb"},"content":{"rendered":"","protected":false},"excerpt":{"rendered":"<p>Que vous l&rsquo;utilisez comme papier \u00e0 lettres ou comme bloc-notes o\u00f9 noter vos id\u00e9es et vos pens\u00e9es, ce bloc-notes trouvera sa place dans votre quotidien. Pas de lignes pour vous laisser toute la place dont vous avez besoin et vous permettre aussi d&rsquo;utiliser ce bloc comme un joli petit carnet de croquis.<\/p>\n<p>Ce bloc-notes fait partie de la collection de papeterie \u00ab\u00a0Fleurs et \u00e9toiles\u00a0\u00bb qui int\u00e8gre aussi un semainier.<\/p>\n<p>50 feuilles, dos cartonn\u00e9, format 14,8 x 21 cm (A5).<\/p>\n","protected":false},"featured_media":1786,"template":"","meta":{"om_disable_all_campaigns":false,"_kadence_starter_templates_imported_post":false,"_kad_post_transparent":"","_kad_post_title":"","_kad_post_layout":"","_kad_post_sidebar_id":"","_kad_post_content_style":"","_kad_post_vertical_padding":"","_kad_post_feature":"","_kad_post_feature_position":"","_kad_post_header":false,"_kad_post_footer":false},"product_brand":[],"product_cat":[111],"product_tag":[],"class_list":{"0":"post-1557","1":"product","2":"type-product","3":"status-publish","4":"has-post-thumbnail","6":"product_cat-papeterie","7":"product_shipping_class-lettre","9":"first","10":"instock","11":"shipping-taxable","12":"purchasable","13":"product-type-simple","14":"entry","15":"content-bg","16":"loop-entry"},"yoast_head":"<!-- This site is optimized with the Yoast SEO plugin v26.8 - https:\/\/yoast.com\/product\/yoast-seo-wordpress\/ -->\n<title>Bloc-notes &quot;Fleurs et \u00e9toiles&quot; - Studio Amourette<\/title>\n<meta name=\"robots\" content=\"index, follow, max-snippet:-1, max-image-preview:large, max-video-preview:-1\" \/>\n<link rel=\"canonical\" href=\"https:\/\/studioamourette.com\/index.php\/product\/bloc-notes-fleurs-et-etoiles\/\" \/>\n<meta property=\"og:locale\" content=\"fr_FR\" \/>\n<meta property=\"og:type\" content=\"article\" \/>\n<meta property=\"og:title\" content=\"Bloc-notes &quot;Fleurs et \u00e9toiles&quot; - Studio Amourette\" \/>\n<meta property=\"og:description\" content=\"Que vous l&#039;utilisez comme papier \u00e0 lettres ou comme bloc-notes o\u00f9 noter vos id\u00e9es et vos pens\u00e9es, ce bloc-notes trouvera sa place dans votre quotidien. Pas de lignes pour vous laisser toute la place dont vous avez besoin et vous permettre aussi d&#039;utiliser ce bloc comme un joli petit carnet de croquis.  Ce bloc-notes fait partie de la collection de papeterie &quot;Fleurs et \u00e9toiles&quot; qui int\u00e8gre aussi un semainier.  50 feuilles, dos cartonn\u00e9, format 14,8 x 21 cm (A5).\" \/>\n<meta property=\"og:url\" content=\"https:\/\/studioamourette.com\/index.php\/product\/bloc-notes-fleurs-et-etoiles\/\" \/>\n<meta property=\"og:site_name\" content=\"Studio Amourette\" \/>\n<meta property=\"article:publisher\" content=\"https:\/\/www.facebook.com\/studioamourette\" \/>\n<meta property=\"article:modified_time\" content=\"2024-09-17T12:01:39+00:00\" \/>\n<meta property=\"og:image\" content=\"https:\/\/studioamourette.com\/wp-content\/uploads\/2023\/11\/bloc-notes-3.jpg\" \/>\n\t<meta property=\"og:image:width\" content=\"2000\" \/>\n\t<meta property=\"og:image:height\" content=\"2000\" \/>\n\t<meta property=\"og:image:type\" content=\"image\/jpeg\" \/>\n<meta name=\"twitter:card\" content=\"summary_large_image\" \/>\n<meta name=\"twitter:label1\" content=\"Dur\u00e9e de lecture estim\u00e9e\" \/>\n\t<meta name=\"twitter:data1\" content=\"1 minute\" \/>\n<script type=\"application\/ld+json\" class=\"yoast-schema-graph\">{\"@context\":\"https:\/\/schema.org\",\"@graph\":[{\"@type\":\"WebPage\",\"@id\":\"https:\/\/studioamourette.com\/index.php\/product\/bloc-notes-fleurs-et-etoiles\/\",\"url\":\"https:\/\/studioamourette.com\/index.php\/product\/bloc-notes-fleurs-et-etoiles\/\",\"name\":\"Bloc-notes \\\"Fleurs et \u00e9toiles\\\" - Studio Amourette\",\"isPartOf\":{\"@id\":\"https:\/\/studioamourette.com\/#website\"},\"primaryImageOfPage\":{\"@id\":\"https:\/\/studioamourette.com\/index.php\/product\/bloc-notes-fleurs-et-etoiles\/#primaryimage\"},\"image\":{\"@id\":\"https:\/\/studioamourette.com\/index.php\/product\/bloc-notes-fleurs-et-etoiles\/#primaryimage\"},\"thumbnailUrl\":\"https:\/\/studioamourette.com\/wp-content\/uploads\/2023\/11\/bloc-notes-3.jpg\",\"datePublished\":\"2023-11-23T11:30:48+00:00\",\"dateModified\":\"2024-09-17T12:01:39+00:00\",\"breadcrumb\":{\"@id\":\"https:\/\/studioamourette.com\/index.php\/product\/bloc-notes-fleurs-et-etoiles\/#breadcrumb\"},\"inLanguage\":\"fr-FR\",\"potentialAction\":[{\"@type\":\"ReadAction\",\"target\":[\"https:\/\/studioamourette.com\/index.php\/product\/bloc-notes-fleurs-et-etoiles\/\"]}]},{\"@type\":\"ImageObject\",\"inLanguage\":\"fr-FR\",\"@id\":\"https:\/\/studioamourette.com\/index.php\/product\/bloc-notes-fleurs-et-etoiles\/#primaryimage\",\"url\":\"https:\/\/studioamourette.com\/wp-content\/uploads\/2023\/11\/bloc-notes-3.jpg\",\"contentUrl\":\"https:\/\/studioamourette.com\/wp-content\/uploads\/2023\/11\/bloc-notes-3.jpg\",\"width\":2000,\"height\":2000},{\"@type\":\"BreadcrumbList\",\"@id\":\"https:\/\/studioamourette.com\/index.php\/product\/bloc-notes-fleurs-et-etoiles\/#breadcrumb\",\"itemListElement\":[{\"@type\":\"ListItem\",\"position\":1,\"name\":\"Accueil\",\"item\":\"https:\/\/studioamourette.com\/\"},{\"@type\":\"ListItem\",\"position\":2,\"name\":\"Shop\",\"item\":\"https:\/\/studioamourette.com\/index.php\/shop-2\/\"},{\"@type\":\"ListItem\",\"position\":3,\"name\":\"Bloc-notes &#8220;Fleurs et \u00e9toiles&#8221;\"}]},{\"@type\":\"WebSite\",\"@id\":\"https:\/\/studioamourette.com\/#website\",\"url\":\"https:\/\/studioamourette.com\/\",\"name\":\"Studio Amourette\",\"description\":\"Illustrations du bonheur\",\"publisher\":{\"@id\":\"https:\/\/studioamourette.com\/#organization\"},\"potentialAction\":[{\"@type\":\"SearchAction\",\"target\":{\"@type\":\"EntryPoint\",\"urlTemplate\":\"https:\/\/studioamourette.com\/?s={search_term_string}\"},\"query-input\":{\"@type\":\"PropertyValueSpecification\",\"valueRequired\":true,\"valueName\":\"search_term_string\"}}],\"inLanguage\":\"fr-FR\"},{\"@type\":\"Organization\",\"@id\":\"https:\/\/studioamourette.com\/#organization\",\"name\":\"Studio Amourette\",\"url\":\"https:\/\/studioamourette.com\/\",\"logo\":{\"@type\":\"ImageObject\",\"inLanguage\":\"fr-FR\",\"@id\":\"https:\/\/studioamourette.com\/#\/schema\/logo\/image\/\",\"url\":\"https:\/\/studioamourette.com\/wp-content\/uploads\/2023\/07\/cropped-cropped-cropped-logo-studio-amourette-rectangle-terracotta_Plan-de-travail-1.png\",\"contentUrl\":\"https:\/\/studioamourette.com\/wp-content\/uploads\/2023\/07\/cropped-cropped-cropped-logo-studio-amourette-rectangle-terracotta_Plan-de-travail-1.png\",\"width\":538,\"height\":216,\"caption\":\"Studio Amourette\"},\"image\":{\"@id\":\"https:\/\/studioamourette.com\/#\/schema\/logo\/image\/\"},\"sameAs\":[\"https:\/\/www.facebook.com\/studioamourette\",\"https:\/\/www.instagram.com\/studio_amourette\"]}]}<\/script>\n<!-- \/ Yoast SEO plugin. -->","yoast_head_json":{"title":"Bloc-notes \"Fleurs et \u00e9toiles\" - Studio Amourette","robots":{"index":"index","follow":"follow","max-snippet":"max-snippet:-1","max-image-preview":"max-image-preview:large","max-video-preview":"max-video-preview:-1"},"canonical":"https:\/\/studioamourette.com\/index.php\/product\/bloc-notes-fleurs-et-etoiles\/","og_locale":"fr_FR","og_type":"article","og_title":"Bloc-notes \"Fleurs et \u00e9toiles\" - Studio Amourette","og_description":"Que vous l'utilisez comme papier \u00e0 lettres ou comme bloc-notes o\u00f9 noter vos id\u00e9es et vos pens\u00e9es, ce bloc-notes trouvera sa place dans votre quotidien. Pas de lignes pour vous laisser toute la place dont vous avez besoin et vous permettre aussi d'utiliser ce bloc comme un joli petit carnet de croquis.  Ce bloc-notes fait partie de la collection de papeterie \"Fleurs et \u00e9toiles\" qui int\u00e8gre aussi un semainier.  50 feuilles, dos cartonn\u00e9, format 14,8 x 21 cm (A5).","og_url":"https:\/\/studioamourette.com\/index.php\/product\/bloc-notes-fleurs-et-etoiles\/","og_site_name":"Studio Amourette","article_publisher":"https:\/\/www.facebook.com\/studioamourette","article_modified_time":"2024-09-17T12:01:39+00:00","og_image":[{"width":2000,"height":2000,"url":"https:\/\/studioamourette.com\/wp-content\/uploads\/2023\/11\/bloc-notes-3.jpg","type":"image\/jpeg"}],"twitter_card":"summary_large_image","twitter_misc":{"Dur\u00e9e de lecture estim\u00e9e":"1 minute"},"schema":{"@context":"https:\/\/schema.org","@graph":[{"@type":"WebPage","@id":"https:\/\/studioamourette.com\/index.php\/product\/bloc-notes-fleurs-et-etoiles\/","url":"https:\/\/studioamourette.com\/index.php\/product\/bloc-notes-fleurs-et-etoiles\/","name":"Bloc-notes \"Fleurs et \u00e9toiles\" - Studio Amourette","isPartOf":{"@id":"https:\/\/studioamourette.com\/#website"},"primaryImageOfPage":{"@id":"https:\/\/studioamourette.com\/index.php\/product\/bloc-notes-fleurs-et-etoiles\/#primaryimage"},"image":{"@id":"https:\/\/studioamourette.com\/index.php\/product\/bloc-notes-fleurs-et-etoiles\/#primaryimage"},"thumbnailUrl":"https:\/\/studioamourette.com\/wp-content\/uploads\/2023\/11\/bloc-notes-3.jpg","datePublished":"2023-11-23T11:30:48+00:00","dateModified":"2024-09-17T12:01:39+00:00","breadcrumb":{"@id":"https:\/\/studioamourette.com\/index.php\/product\/bloc-notes-fleurs-et-etoiles\/#breadcrumb"},"inLanguage":"fr-FR","potentialAction":[{"@type":"ReadAction","target":["https:\/\/studioamourette.com\/index.php\/product\/bloc-notes-fleurs-et-etoiles\/"]}]},{"@type":"ImageObject","inLanguage":"fr-FR","@id":"https:\/\/studioamourette.com\/index.php\/product\/bloc-notes-fleurs-et-etoiles\/#primaryimage","url":"https:\/\/studioamourette.com\/wp-content\/uploads\/2023\/11\/bloc-notes-3.jpg","contentUrl":"https:\/\/studioamourette.com\/wp-content\/uploads\/2023\/11\/bloc-notes-3.jpg","width":2000,"height":2000},{"@type":"BreadcrumbList","@id":"https:\/\/studioamourette.com\/index.php\/product\/bloc-notes-fleurs-et-etoiles\/#breadcrumb","itemListElement":[{"@type":"ListItem","position":1,"name":"Accueil","item":"https:\/\/studioamourette.com\/"},{"@type":"ListItem","position":2,"name":"Shop","item":"https:\/\/studioamourette.com\/index.php\/shop-2\/"},{"@type":"ListItem","position":3,"name":"Bloc-notes &#8220;Fleurs et \u00e9toiles&#8221;"}]},{"@type":"WebSite","@id":"https:\/\/studioamourette.com\/#website","url":"https:\/\/studioamourette.com\/","name":"Studio Amourette","description":"Illustrations du bonheur","publisher":{"@id":"https:\/\/studioamourette.com\/#organization"},"potentialAction":[{"@type":"SearchAction","target":{"@type":"EntryPoint","urlTemplate":"https:\/\/studioamourette.com\/?s={search_term_string}"},"query-input":{"@type":"PropertyValueSpecification","valueRequired":true,"valueName":"search_term_string"}}],"inLanguage":"fr-FR"},{"@type":"Organization","@id":"https:\/\/studioamourette.com\/#organization","name":"Studio Amourette","url":"https:\/\/studioamourette.com\/","logo":{"@type":"ImageObject","inLanguage":"fr-FR","@id":"https:\/\/studioamourette.com\/#\/schema\/logo\/image\/","url":"https:\/\/studioamourette.com\/wp-content\/uploads\/2023\/07\/cropped-cropped-cropped-logo-studio-amourette-rectangle-terracotta_Plan-de-travail-1.png","contentUrl":"https:\/\/studioamourette.com\/wp-content\/uploads\/2023\/07\/cropped-cropped-cropped-logo-studio-amourette-rectangle-terracotta_Plan-de-travail-1.png","width":538,"height":216,"caption":"Studio Amourette"},"image":{"@id":"https:\/\/studioamourette.com\/#\/schema\/logo\/image\/"},"sameAs":["https:\/\/www.facebook.com\/studioamourette","https:\/\/www.instagram.com\/studio_amourette"]}]}},"_links":{"self":[{"href":"https:\/\/studioamourette.com\/index.php\/wp-json\/wp\/v2\/product\/1557","targetHints":{"allow":["GET"]}}],"collection":[{"href":"https:\/\/studioamourette.com\/index.php\/wp-json\/wp\/v2\/product"}],"about":[{"href":"https:\/\/studioamourette.com\/index.php\/wp-json\/wp\/v2\/types\/product"}],"wp:featuredmedia":[{"embeddable":true,"href":"https:\/\/studioamourette.com\/index.php\/wp-json\/wp\/v2\/media\/1786"}],"wp:attachment":[{"href":"https:\/\/studioamourette.com\/index.php\/wp-json\/wp\/v2\/media?parent=1557"}],"wp:term":[{"taxonomy":"product_brand","embeddable":true,"href":"https:\/\/studioamourette.com\/index.php\/wp-json\/wp\/v2\/product_brand?post=1557"},{"taxonomy":"product_cat","embeddable":true,"href":"https:\/\/studioamourette.com\/index.php\/wp-json\/wp\/v2\/product_cat?post=1557"},{"taxonomy":"product_tag","embeddable":true,"href":"https:\/\/studioamourette.com\/index.php\/wp-json\/wp\/v2\/product_tag?post=1557"}],"curies":[{"name":"wp","href":"https:\/\/api.w.org\/{rel}","templated":true}]}}