{"id":1556,"date":"2023-11-23T12:43:28","date_gmt":"2023-11-23T11:43:28","guid":{"rendered":"https:\/\/studioamourette.com\/?post_type=product&#038;p=1556"},"modified":"2024-04-04T17:55:24","modified_gmt":"2024-04-04T15:55:24","slug":"semainier-fleurs-et-etoiles","status":"publish","type":"product","link":"https:\/\/studioamourette.com\/index.php\/product\/semainier-fleurs-et-etoiles\/","title":{"rendered":"Semainier fleurs et \u00e9toiles"},"content":{"rendered":"","protected":false},"excerpt":{"rendered":"<p>Un indispensable pour organiser ses semaines et se rappeler les dates importantes. Placez vos semaines sous le signe des fleurs et des \u00e9toiles avec ce semainier au format A4 dont chaque feuille est d\u00e9tachable. Les colonnes sont assez larges pour vous permettre de noter vos moments importants de la semaine. Retrouvez aussi une partie \u00ab\u00a0Notes\u00a0\u00bb et \u00ab\u00a0Important\u00a0\u00bb pour noter vos priorit\u00e9s et pens\u00e9es.<\/p>\n<p>50 feuilles. Dos cartonn\u00e9. Format 21 x 29,7 cm<\/p>\n","protected":false},"featured_media":1789,"template":"","meta":{"om_disable_all_campaigns":false,"_kadence_starter_templates_imported_post":false,"_kad_post_transparent":"","_kad_post_title":"","_kad_post_layout":"","_kad_post_sidebar_id":"","_kad_post_content_style":"","_kad_post_vertical_padding":"","_kad_post_feature":"","_kad_post_feature_position":"","_kad_post_header":false,"_kad_post_footer":false},"product_brand":[],"product_cat":[111],"product_tag":[],"class_list":{"0":"post-1556","1":"product","2":"type-product","3":"status-publish","4":"has-post-thumbnail","6":"product_cat-papeterie","7":"product_shipping_class-lettre","9":"first","10":"instock","11":"shipping-taxable","12":"purchasable","13":"product-type-simple","14":"entry","15":"content-bg","16":"loop-entry"},"yoast_head":"<!-- This site is optimized with the Yoast SEO plugin v26.8 - https:\/\/yoast.com\/product\/yoast-seo-wordpress\/ -->\n<title>Semainier fleurs et \u00e9toiles - Studio Amourette<\/title>\n<meta name=\"robots\" content=\"index, follow, max-snippet:-1, max-image-preview:large, max-video-preview:-1\" \/>\n<link rel=\"canonical\" href=\"https:\/\/studioamourette.com\/index.php\/product\/semainier-fleurs-et-etoiles\/\" \/>\n<meta property=\"og:locale\" content=\"fr_FR\" \/>\n<meta property=\"og:type\" content=\"article\" \/>\n<meta property=\"og:title\" content=\"Semainier fleurs et \u00e9toiles - Studio Amourette\" \/>\n<meta property=\"og:description\" content=\"Un indispensable pour organiser ses semaines et se rappeler les dates importantes. Placez vos semaines sous le signe des fleurs et des \u00e9toiles avec ce semainier au format A4 dont chaque feuille est d\u00e9tachable. Les colonnes sont assez larges pour vous permettre de noter vos moments importants de la semaine. Retrouvez aussi une partie &quot;Notes&quot; et &quot;Important&quot; pour noter vos priorit\u00e9s et pens\u00e9es.  50 feuilles. Dos cartonn\u00e9. Format 21 x 29,7 cm\" \/>\n<meta property=\"og:url\" content=\"https:\/\/studioamourette.com\/index.php\/product\/semainier-fleurs-et-etoiles\/\" \/>\n<meta property=\"og:site_name\" content=\"Studio Amourette\" \/>\n<meta property=\"article:publisher\" content=\"https:\/\/www.facebook.com\/studioamourette\" \/>\n<meta property=\"article:modified_time\" content=\"2024-04-04T15:55:24+00:00\" \/>\n<meta property=\"og:image\" content=\"https:\/\/studioamourette.com\/wp-content\/uploads\/2023\/11\/semainier-2.jpg\" \/>\n\t<meta property=\"og:image:width\" content=\"2000\" \/>\n\t<meta property=\"og:image:height\" content=\"2000\" \/>\n\t<meta property=\"og:image:type\" content=\"image\/jpeg\" \/>\n<meta name=\"twitter:card\" content=\"summary_large_image\" \/>\n<meta name=\"twitter:label1\" content=\"Dur\u00e9e de lecture estim\u00e9e\" \/>\n\t<meta name=\"twitter:data1\" content=\"1 minute\" \/>\n<script type=\"application\/ld+json\" class=\"yoast-schema-graph\">{\"@context\":\"https:\/\/schema.org\",\"@graph\":[{\"@type\":\"WebPage\",\"@id\":\"https:\/\/studioamourette.com\/index.php\/product\/semainier-fleurs-et-etoiles\/\",\"url\":\"https:\/\/studioamourette.com\/index.php\/product\/semainier-fleurs-et-etoiles\/\",\"name\":\"Semainier fleurs et \u00e9toiles - Studio Amourette\",\"isPartOf\":{\"@id\":\"https:\/\/studioamourette.com\/#website\"},\"primaryImageOfPage\":{\"@id\":\"https:\/\/studioamourette.com\/index.php\/product\/semainier-fleurs-et-etoiles\/#primaryimage\"},\"image\":{\"@id\":\"https:\/\/studioamourette.com\/index.php\/product\/semainier-fleurs-et-etoiles\/#primaryimage\"},\"thumbnailUrl\":\"https:\/\/studioamourette.com\/wp-content\/uploads\/2023\/11\/semainier-2.jpg\",\"datePublished\":\"2023-11-23T11:43:28+00:00\",\"dateModified\":\"2024-04-04T15:55:24+00:00\",\"breadcrumb\":{\"@id\":\"https:\/\/studioamourette.com\/index.php\/product\/semainier-fleurs-et-etoiles\/#breadcrumb\"},\"inLanguage\":\"fr-FR\",\"potentialAction\":[{\"@type\":\"ReadAction\",\"target\":[\"https:\/\/studioamourette.com\/index.php\/product\/semainier-fleurs-et-etoiles\/\"]}]},{\"@type\":\"ImageObject\",\"inLanguage\":\"fr-FR\",\"@id\":\"https:\/\/studioamourette.com\/index.php\/product\/semainier-fleurs-et-etoiles\/#primaryimage\",\"url\":\"https:\/\/studioamourette.com\/wp-content\/uploads\/2023\/11\/semainier-2.jpg\",\"contentUrl\":\"https:\/\/studioamourette.com\/wp-content\/uploads\/2023\/11\/semainier-2.jpg\",\"width\":2000,\"height\":2000,\"caption\":\"semainier studio amourette\"},{\"@type\":\"BreadcrumbList\",\"@id\":\"https:\/\/studioamourette.com\/index.php\/product\/semainier-fleurs-et-etoiles\/#breadcrumb\",\"itemListElement\":[{\"@type\":\"ListItem\",\"position\":1,\"name\":\"Accueil\",\"item\":\"https:\/\/studioamourette.com\/\"},{\"@type\":\"ListItem\",\"position\":2,\"name\":\"Shop\",\"item\":\"https:\/\/studioamourette.com\/index.php\/shop-2\/\"},{\"@type\":\"ListItem\",\"position\":3,\"name\":\"Semainier fleurs et \u00e9toiles\"}]},{\"@type\":\"WebSite\",\"@id\":\"https:\/\/studioamourette.com\/#website\",\"url\":\"https:\/\/studioamourette.com\/\",\"name\":\"Studio Amourette\",\"description\":\"Illustrations du bonheur\",\"publisher\":{\"@id\":\"https:\/\/studioamourette.com\/#organization\"},\"potentialAction\":[{\"@type\":\"SearchAction\",\"target\":{\"@type\":\"EntryPoint\",\"urlTemplate\":\"https:\/\/studioamourette.com\/?s={search_term_string}\"},\"query-input\":{\"@type\":\"PropertyValueSpecification\",\"valueRequired\":true,\"valueName\":\"search_term_string\"}}],\"inLanguage\":\"fr-FR\"},{\"@type\":\"Organization\",\"@id\":\"https:\/\/studioamourette.com\/#organization\",\"name\":\"Studio Amourette\",\"url\":\"https:\/\/studioamourette.com\/\",\"logo\":{\"@type\":\"ImageObject\",\"inLanguage\":\"fr-FR\",\"@id\":\"https:\/\/studioamourette.com\/#\/schema\/logo\/image\/\",\"url\":\"https:\/\/studioamourette.com\/wp-content\/uploads\/2023\/07\/cropped-cropped-cropped-logo-studio-amourette-rectangle-terracotta_Plan-de-travail-1.png\",\"contentUrl\":\"https:\/\/studioamourette.com\/wp-content\/uploads\/2023\/07\/cropped-cropped-cropped-logo-studio-amourette-rectangle-terracotta_Plan-de-travail-1.png\",\"width\":538,\"height\":216,\"caption\":\"Studio Amourette\"},\"image\":{\"@id\":\"https:\/\/studioamourette.com\/#\/schema\/logo\/image\/\"},\"sameAs\":[\"https:\/\/www.facebook.com\/studioamourette\",\"https:\/\/www.instagram.com\/studio_amourette\"]}]}<\/script>\n<!-- \/ Yoast SEO plugin. -->","yoast_head_json":{"title":"Semainier fleurs et \u00e9toiles - Studio Amourette","robots":{"index":"index","follow":"follow","max-snippet":"max-snippet:-1","max-image-preview":"max-image-preview:large","max-video-preview":"max-video-preview:-1"},"canonical":"https:\/\/studioamourette.com\/index.php\/product\/semainier-fleurs-et-etoiles\/","og_locale":"fr_FR","og_type":"article","og_title":"Semainier fleurs et \u00e9toiles - Studio Amourette","og_description":"Un indispensable pour organiser ses semaines et se rappeler les dates importantes. Placez vos semaines sous le signe des fleurs et des \u00e9toiles avec ce semainier au format A4 dont chaque feuille est d\u00e9tachable. Les colonnes sont assez larges pour vous permettre de noter vos moments importants de la semaine. Retrouvez aussi une partie \"Notes\" et \"Important\" pour noter vos priorit\u00e9s et pens\u00e9es.  50 feuilles. Dos cartonn\u00e9. Format 21 x 29,7 cm","og_url":"https:\/\/studioamourette.com\/index.php\/product\/semainier-fleurs-et-etoiles\/","og_site_name":"Studio Amourette","article_publisher":"https:\/\/www.facebook.com\/studioamourette","article_modified_time":"2024-04-04T15:55:24+00:00","og_image":[{"width":2000,"height":2000,"url":"https:\/\/studioamourette.com\/wp-content\/uploads\/2023\/11\/semainier-2.jpg","type":"image\/jpeg"}],"twitter_card":"summary_large_image","twitter_misc":{"Dur\u00e9e de lecture estim\u00e9e":"1 minute"},"schema":{"@context":"https:\/\/schema.org","@graph":[{"@type":"WebPage","@id":"https:\/\/studioamourette.com\/index.php\/product\/semainier-fleurs-et-etoiles\/","url":"https:\/\/studioamourette.com\/index.php\/product\/semainier-fleurs-et-etoiles\/","name":"Semainier fleurs et \u00e9toiles - Studio Amourette","isPartOf":{"@id":"https:\/\/studioamourette.com\/#website"},"primaryImageOfPage":{"@id":"https:\/\/studioamourette.com\/index.php\/product\/semainier-fleurs-et-etoiles\/#primaryimage"},"image":{"@id":"https:\/\/studioamourette.com\/index.php\/product\/semainier-fleurs-et-etoiles\/#primaryimage"},"thumbnailUrl":"https:\/\/studioamourette.com\/wp-content\/uploads\/2023\/11\/semainier-2.jpg","datePublished":"2023-11-23T11:43:28+00:00","dateModified":"2024-04-04T15:55:24+00:00","breadcrumb":{"@id":"https:\/\/studioamourette.com\/index.php\/product\/semainier-fleurs-et-etoiles\/#breadcrumb"},"inLanguage":"fr-FR","potentialAction":[{"@type":"ReadAction","target":["https:\/\/studioamourette.com\/index.php\/product\/semainier-fleurs-et-etoiles\/"]}]},{"@type":"ImageObject","inLanguage":"fr-FR","@id":"https:\/\/studioamourette.com\/index.php\/product\/semainier-fleurs-et-etoiles\/#primaryimage","url":"https:\/\/studioamourette.com\/wp-content\/uploads\/2023\/11\/semainier-2.jpg","contentUrl":"https:\/\/studioamourette.com\/wp-content\/uploads\/2023\/11\/semainier-2.jpg","width":2000,"height":2000,"caption":"semainier studio amourette"},{"@type":"BreadcrumbList","@id":"https:\/\/studioamourette.com\/index.php\/product\/semainier-fleurs-et-etoiles\/#breadcrumb","itemListElement":[{"@type":"ListItem","position":1,"name":"Accueil","item":"https:\/\/studioamourette.com\/"},{"@type":"ListItem","position":2,"name":"Shop","item":"https:\/\/studioamourette.com\/index.php\/shop-2\/"},{"@type":"ListItem","position":3,"name":"Semainier fleurs et \u00e9toiles"}]},{"@type":"WebSite","@id":"https:\/\/studioamourette.com\/#website","url":"https:\/\/studioamourette.com\/","name":"Studio Amourette","description":"Illustrations du bonheur","publisher":{"@id":"https:\/\/studioamourette.com\/#organization"},"potentialAction":[{"@type":"SearchAction","target":{"@type":"EntryPoint","urlTemplate":"https:\/\/studioamourette.com\/?s={search_term_string}"},"query-input":{"@type":"PropertyValueSpecification","valueRequired":true,"valueName":"search_term_string"}}],"inLanguage":"fr-FR"},{"@type":"Organization","@id":"https:\/\/studioamourette.com\/#organization","name":"Studio Amourette","url":"https:\/\/studioamourette.com\/","logo":{"@type":"ImageObject","inLanguage":"fr-FR","@id":"https:\/\/studioamourette.com\/#\/schema\/logo\/image\/","url":"https:\/\/studioamourette.com\/wp-content\/uploads\/2023\/07\/cropped-cropped-cropped-logo-studio-amourette-rectangle-terracotta_Plan-de-travail-1.png","contentUrl":"https:\/\/studioamourette.com\/wp-content\/uploads\/2023\/07\/cropped-cropped-cropped-logo-studio-amourette-rectangle-terracotta_Plan-de-travail-1.png","width":538,"height":216,"caption":"Studio Amourette"},"image":{"@id":"https:\/\/studioamourette.com\/#\/schema\/logo\/image\/"},"sameAs":["https:\/\/www.facebook.com\/studioamourette","https:\/\/www.instagram.com\/studio_amourette"]}]}},"_links":{"self":[{"href":"https:\/\/studioamourette.com\/index.php\/wp-json\/wp\/v2\/product\/1556","targetHints":{"allow":["GET"]}}],"collection":[{"href":"https:\/\/studioamourette.com\/index.php\/wp-json\/wp\/v2\/product"}],"about":[{"href":"https:\/\/studioamourette.com\/index.php\/wp-json\/wp\/v2\/types\/product"}],"wp:featuredmedia":[{"embeddable":true,"href":"https:\/\/studioamourette.com\/index.php\/wp-json\/wp\/v2\/media\/1789"}],"wp:attachment":[{"href":"https:\/\/studioamourette.com\/index.php\/wp-json\/wp\/v2\/media?parent=1556"}],"wp:term":[{"taxonomy":"product_brand","embeddable":true,"href":"https:\/\/studioamourette.com\/index.php\/wp-json\/wp\/v2\/product_brand?post=1556"},{"taxonomy":"product_cat","embeddable":true,"href":"https:\/\/studioamourette.com\/index.php\/wp-json\/wp\/v2\/product_cat?post=1556"},{"taxonomy":"product_tag","embeddable":true,"href":"https:\/\/studioamourette.com\/index.php\/wp-json\/wp\/v2\/product_tag?post=1556"}],"curies":[{"name":"wp","href":"https:\/\/api.w.org\/{rel}","templated":true}]}}