{"id":1538,"date":"2023-11-23T12:20:14","date_gmt":"2023-11-23T11:20:14","guid":{"rendered":"https:\/\/studioamourette.com\/?post_type=product&#038;p=1538"},"modified":"2025-11-06T09:40:07","modified_gmt":"2025-11-06T08:40:07","slug":"carte-la-voiture-de-noel","status":"publish","type":"product","link":"https:\/\/studioamourette.com\/index.php\/product\/carte-la-voiture-de-noel\/","title":{"rendered":"Carte \u00ab\u00a0La voiture de No\u00ebl\u00a0\u00bb"},"content":{"rendered":"<p>\ud83c\udf84 Reproduction de mon illustration originale intitul\u00e9e \u00ab\u00a0La voiture de No\u00ebl\u00a0\u00bb r\u00e9alis\u00e9e \u00e0 l\u2019aquarelle.<br \/>\nElle sera parfaite pour \u00e9crire un petit mot \u00e0 un \u00eatre cher ou d\u00e9corer votre maison pour les f\u00eates.<br \/>\nElle est disponible en format A6, A5 et A4.<\/p>\n<p>\ud83c\udf1f Descriptif et envoi :<br \/>\n&#8211; Imprim\u00e9e du papier mat de qualit\u00e9, 350g.<br \/>\n&#8211; Sign\u00e9e au verso<br \/>\n&#8211; Formats disponibles : A6 (10,5 x 14,8 cm : format carte postale) ou A5 (14,8 x 21 cm) ou A4 (21&#215;29,7 cm)<br \/>\n&#8211; Emball\u00e9e sans mati\u00e8re plastique pour pr\u00e9server notre environnement<br \/>\n&#8211; Envoi avec num\u00e9ro de suivi dans une enveloppe cartonn\u00e9e.<\/p>\n<p>Attention, selon les r\u00e9glages de votre \u00e9cran, les tons des couleurs peuvent l\u00e9g\u00e8rement varier.<br \/>\nEnveloppe non fournie.<\/p>\n","protected":false},"excerpt":{"rendered":"<p>\ud83c\udf84 Reproduction de mon illustration originale intitul\u00e9e \u00ab\u00a0La voiture de No\u00ebl\u00a0\u00bb r\u00e9alis\u00e9e \u00e0 l\u2019aquarelle.<br \/>\nElle sera parfaite pour \u00e9crire un petit mot \u00e0 un \u00eatre cher ou d\u00e9corer votre maison pour les f\u00eates.<br \/>\nElle est disponible en format A6, A5 et A4.<\/p>\n","protected":false},"featured_media":1679,"template":"","meta":{"om_disable_all_campaigns":false,"_kadence_starter_templates_imported_post":false,"_kad_post_transparent":"","_kad_post_title":"","_kad_post_layout":"","_kad_post_sidebar_id":"","_kad_post_content_style":"","_kad_post_vertical_padding":"","_kad_post_feature":"","_kad_post_feature_position":"","_kad_post_header":false,"_kad_post_footer":false},"product_brand":[],"product_cat":[108,112],"product_tag":[],"class_list":{"0":"post-1538","1":"product","2":"type-product","3":"status-publish","4":"has-post-thumbnail","6":"product_cat-cartes-et-affiches","7":"product_cat-noel","8":"product_shipping_class-lettre","10":"first","11":"instock","12":"shipping-taxable","13":"purchasable","14":"product-type-variable","15":"entry","16":"content-bg","17":"loop-entry"},"yoast_head":"<!-- This site is optimized with the Yoast SEO plugin v26.8 - https:\/\/yoast.com\/product\/yoast-seo-wordpress\/ -->\n<title>Carte &quot;La voiture de No\u00ebl&quot; - Studio Amourette<\/title>\n<meta name=\"robots\" content=\"index, follow, max-snippet:-1, max-image-preview:large, max-video-preview:-1\" \/>\n<link rel=\"canonical\" href=\"https:\/\/studioamourette.com\/index.php\/product\/carte-la-voiture-de-noel\/\" \/>\n<meta property=\"og:locale\" content=\"fr_FR\" \/>\n<meta property=\"og:type\" content=\"article\" \/>\n<meta property=\"og:title\" content=\"Carte &quot;La voiture de No\u00ebl&quot; - Studio Amourette\" \/>\n<meta property=\"og:description\" content=\"\ud83c\udf84 Reproduction de mon illustration originale intitul\u00e9e \u00ab\u00a0La voiture de No\u00ebl\u00a0\u00bb r\u00e9alis\u00e9e \u00e0 l\u2019aquarelle. Elle sera parfaite pour \u00e9crire un petit mot \u00e0 un \u00eatre cher ou d\u00e9corer votre maison pour les f\u00eates. Elle est disponible en format A6, A5 et A4.\" \/>\n<meta property=\"og:url\" content=\"https:\/\/studioamourette.com\/index.php\/product\/carte-la-voiture-de-noel\/\" \/>\n<meta property=\"og:site_name\" content=\"Studio Amourette\" \/>\n<meta property=\"article:publisher\" content=\"https:\/\/www.facebook.com\/studioamourette\" \/>\n<meta property=\"article:modified_time\" content=\"2025-11-06T08:40:07+00:00\" \/>\n<meta property=\"og:image\" content=\"https:\/\/studioamourette.com\/wp-content\/uploads\/2023\/11\/IMG_E24251.jpg\" \/>\n\t<meta property=\"og:image:width\" content=\"1\" \/>\n\t<meta property=\"og:image:height\" content=\"1\" \/>\n\t<meta property=\"og:image:type\" content=\"image\/jpeg\" \/>\n<meta name=\"twitter:card\" content=\"summary_large_image\" \/>\n<meta name=\"twitter:label1\" content=\"Dur\u00e9e de lecture estim\u00e9e\" \/>\n\t<meta name=\"twitter:data1\" content=\"1 minute\" \/>\n<script type=\"application\/ld+json\" class=\"yoast-schema-graph\">{\"@context\":\"https:\/\/schema.org\",\"@graph\":[{\"@type\":\"WebPage\",\"@id\":\"https:\/\/studioamourette.com\/index.php\/product\/carte-la-voiture-de-noel\/\",\"url\":\"https:\/\/studioamourette.com\/index.php\/product\/carte-la-voiture-de-noel\/\",\"name\":\"Carte \\\"La voiture de No\u00ebl\\\" - Studio Amourette\",\"isPartOf\":{\"@id\":\"https:\/\/studioamourette.com\/#website\"},\"primaryImageOfPage\":{\"@id\":\"https:\/\/studioamourette.com\/index.php\/product\/carte-la-voiture-de-noel\/#primaryimage\"},\"image\":{\"@id\":\"https:\/\/studioamourette.com\/index.php\/product\/carte-la-voiture-de-noel\/#primaryimage\"},\"thumbnailUrl\":\"https:\/\/studioamourette.com\/wp-content\/uploads\/2023\/11\/IMG_E24251-scaled.jpg\",\"datePublished\":\"2023-11-23T11:20:14+00:00\",\"dateModified\":\"2025-11-06T08:40:07+00:00\",\"breadcrumb\":{\"@id\":\"https:\/\/studioamourette.com\/index.php\/product\/carte-la-voiture-de-noel\/#breadcrumb\"},\"inLanguage\":\"fr-FR\",\"potentialAction\":[{\"@type\":\"ReadAction\",\"target\":[\"https:\/\/studioamourette.com\/index.php\/product\/carte-la-voiture-de-noel\/\"]}]},{\"@type\":\"ImageObject\",\"inLanguage\":\"fr-FR\",\"@id\":\"https:\/\/studioamourette.com\/index.php\/product\/carte-la-voiture-de-noel\/#primaryimage\",\"url\":\"https:\/\/studioamourette.com\/wp-content\/uploads\/2023\/11\/IMG_E24251-scaled.jpg\",\"contentUrl\":\"https:\/\/studioamourette.com\/wp-content\/uploads\/2023\/11\/IMG_E24251-scaled.jpg\",\"width\":1920,\"height\":2560},{\"@type\":\"BreadcrumbList\",\"@id\":\"https:\/\/studioamourette.com\/index.php\/product\/carte-la-voiture-de-noel\/#breadcrumb\",\"itemListElement\":[{\"@type\":\"ListItem\",\"position\":1,\"name\":\"Accueil\",\"item\":\"https:\/\/studioamourette.com\/\"},{\"@type\":\"ListItem\",\"position\":2,\"name\":\"Shop\",\"item\":\"https:\/\/studioamourette.com\/index.php\/shop-2\/\"},{\"@type\":\"ListItem\",\"position\":3,\"name\":\"Carte &#8220;La voiture de No\u00ebl&#8221;\"}]},{\"@type\":\"WebSite\",\"@id\":\"https:\/\/studioamourette.com\/#website\",\"url\":\"https:\/\/studioamourette.com\/\",\"name\":\"Studio Amourette\",\"description\":\"Illustrations du bonheur\",\"publisher\":{\"@id\":\"https:\/\/studioamourette.com\/#organization\"},\"potentialAction\":[{\"@type\":\"SearchAction\",\"target\":{\"@type\":\"EntryPoint\",\"urlTemplate\":\"https:\/\/studioamourette.com\/?s={search_term_string}\"},\"query-input\":{\"@type\":\"PropertyValueSpecification\",\"valueRequired\":true,\"valueName\":\"search_term_string\"}}],\"inLanguage\":\"fr-FR\"},{\"@type\":\"Organization\",\"@id\":\"https:\/\/studioamourette.com\/#organization\",\"name\":\"Studio Amourette\",\"url\":\"https:\/\/studioamourette.com\/\",\"logo\":{\"@type\":\"ImageObject\",\"inLanguage\":\"fr-FR\",\"@id\":\"https:\/\/studioamourette.com\/#\/schema\/logo\/image\/\",\"url\":\"https:\/\/studioamourette.com\/wp-content\/uploads\/2023\/07\/cropped-cropped-cropped-logo-studio-amourette-rectangle-terracotta_Plan-de-travail-1.png\",\"contentUrl\":\"https:\/\/studioamourette.com\/wp-content\/uploads\/2023\/07\/cropped-cropped-cropped-logo-studio-amourette-rectangle-terracotta_Plan-de-travail-1.png\",\"width\":538,\"height\":216,\"caption\":\"Studio Amourette\"},\"image\":{\"@id\":\"https:\/\/studioamourette.com\/#\/schema\/logo\/image\/\"},\"sameAs\":[\"https:\/\/www.facebook.com\/studioamourette\",\"https:\/\/www.instagram.com\/studio_amourette\"]}]}<\/script>\n<!-- \/ Yoast SEO plugin. -->","yoast_head_json":{"title":"Carte \"La voiture de No\u00ebl\" - Studio Amourette","robots":{"index":"index","follow":"follow","max-snippet":"max-snippet:-1","max-image-preview":"max-image-preview:large","max-video-preview":"max-video-preview:-1"},"canonical":"https:\/\/studioamourette.com\/index.php\/product\/carte-la-voiture-de-noel\/","og_locale":"fr_FR","og_type":"article","og_title":"Carte \"La voiture de No\u00ebl\" - Studio Amourette","og_description":"\ud83c\udf84 Reproduction de mon illustration originale intitul\u00e9e \u00ab\u00a0La voiture de No\u00ebl\u00a0\u00bb r\u00e9alis\u00e9e \u00e0 l\u2019aquarelle. Elle sera parfaite pour \u00e9crire un petit mot \u00e0 un \u00eatre cher ou d\u00e9corer votre maison pour les f\u00eates. Elle est disponible en format A6, A5 et A4.","og_url":"https:\/\/studioamourette.com\/index.php\/product\/carte-la-voiture-de-noel\/","og_site_name":"Studio Amourette","article_publisher":"https:\/\/www.facebook.com\/studioamourette","article_modified_time":"2025-11-06T08:40:07+00:00","og_image":[{"url":"https:\/\/studioamourette.com\/wp-content\/uploads\/2023\/11\/IMG_E24251.jpg","width":1,"height":1,"type":"image\/jpeg"}],"twitter_card":"summary_large_image","twitter_misc":{"Dur\u00e9e de lecture estim\u00e9e":"1 minute"},"schema":{"@context":"https:\/\/schema.org","@graph":[{"@type":"WebPage","@id":"https:\/\/studioamourette.com\/index.php\/product\/carte-la-voiture-de-noel\/","url":"https:\/\/studioamourette.com\/index.php\/product\/carte-la-voiture-de-noel\/","name":"Carte \"La voiture de No\u00ebl\" - Studio Amourette","isPartOf":{"@id":"https:\/\/studioamourette.com\/#website"},"primaryImageOfPage":{"@id":"https:\/\/studioamourette.com\/index.php\/product\/carte-la-voiture-de-noel\/#primaryimage"},"image":{"@id":"https:\/\/studioamourette.com\/index.php\/product\/carte-la-voiture-de-noel\/#primaryimage"},"thumbnailUrl":"https:\/\/studioamourette.com\/wp-content\/uploads\/2023\/11\/IMG_E24251-scaled.jpg","datePublished":"2023-11-23T11:20:14+00:00","dateModified":"2025-11-06T08:40:07+00:00","breadcrumb":{"@id":"https:\/\/studioamourette.com\/index.php\/product\/carte-la-voiture-de-noel\/#breadcrumb"},"inLanguage":"fr-FR","potentialAction":[{"@type":"ReadAction","target":["https:\/\/studioamourette.com\/index.php\/product\/carte-la-voiture-de-noel\/"]}]},{"@type":"ImageObject","inLanguage":"fr-FR","@id":"https:\/\/studioamourette.com\/index.php\/product\/carte-la-voiture-de-noel\/#primaryimage","url":"https:\/\/studioamourette.com\/wp-content\/uploads\/2023\/11\/IMG_E24251-scaled.jpg","contentUrl":"https:\/\/studioamourette.com\/wp-content\/uploads\/2023\/11\/IMG_E24251-scaled.jpg","width":1920,"height":2560},{"@type":"BreadcrumbList","@id":"https:\/\/studioamourette.com\/index.php\/product\/carte-la-voiture-de-noel\/#breadcrumb","itemListElement":[{"@type":"ListItem","position":1,"name":"Accueil","item":"https:\/\/studioamourette.com\/"},{"@type":"ListItem","position":2,"name":"Shop","item":"https:\/\/studioamourette.com\/index.php\/shop-2\/"},{"@type":"ListItem","position":3,"name":"Carte &#8220;La voiture de No\u00ebl&#8221;"}]},{"@type":"WebSite","@id":"https:\/\/studioamourette.com\/#website","url":"https:\/\/studioamourette.com\/","name":"Studio Amourette","description":"Illustrations du bonheur","publisher":{"@id":"https:\/\/studioamourette.com\/#organization"},"potentialAction":[{"@type":"SearchAction","target":{"@type":"EntryPoint","urlTemplate":"https:\/\/studioamourette.com\/?s={search_term_string}"},"query-input":{"@type":"PropertyValueSpecification","valueRequired":true,"valueName":"search_term_string"}}],"inLanguage":"fr-FR"},{"@type":"Organization","@id":"https:\/\/studioamourette.com\/#organization","name":"Studio Amourette","url":"https:\/\/studioamourette.com\/","logo":{"@type":"ImageObject","inLanguage":"fr-FR","@id":"https:\/\/studioamourette.com\/#\/schema\/logo\/image\/","url":"https:\/\/studioamourette.com\/wp-content\/uploads\/2023\/07\/cropped-cropped-cropped-logo-studio-amourette-rectangle-terracotta_Plan-de-travail-1.png","contentUrl":"https:\/\/studioamourette.com\/wp-content\/uploads\/2023\/07\/cropped-cropped-cropped-logo-studio-amourette-rectangle-terracotta_Plan-de-travail-1.png","width":538,"height":216,"caption":"Studio Amourette"},"image":{"@id":"https:\/\/studioamourette.com\/#\/schema\/logo\/image\/"},"sameAs":["https:\/\/www.facebook.com\/studioamourette","https:\/\/www.instagram.com\/studio_amourette"]}]}},"_links":{"self":[{"href":"https:\/\/studioamourette.com\/index.php\/wp-json\/wp\/v2\/product\/1538","targetHints":{"allow":["GET"]}}],"collection":[{"href":"https:\/\/studioamourette.com\/index.php\/wp-json\/wp\/v2\/product"}],"about":[{"href":"https:\/\/studioamourette.com\/index.php\/wp-json\/wp\/v2\/types\/product"}],"wp:featuredmedia":[{"embeddable":true,"href":"https:\/\/studioamourette.com\/index.php\/wp-json\/wp\/v2\/media\/1679"}],"wp:attachment":[{"href":"https:\/\/studioamourette.com\/index.php\/wp-json\/wp\/v2\/media?parent=1538"}],"wp:term":[{"taxonomy":"product_brand","embeddable":true,"href":"https:\/\/studioamourette.com\/index.php\/wp-json\/wp\/v2\/product_brand?post=1538"},{"taxonomy":"product_cat","embeddable":true,"href":"https:\/\/studioamourette.com\/index.php\/wp-json\/wp\/v2\/product_cat?post=1538"},{"taxonomy":"product_tag","embeddable":true,"href":"https:\/\/studioamourette.com\/index.php\/wp-json\/wp\/v2\/product_tag?post=1538"}],"curies":[{"name":"wp","href":"https:\/\/api.w.org\/{rel}","templated":true}]}}